{"id":915,"date":"2022-03-27T18:41:16","date_gmt":"2022-03-27T18:41:16","guid":{"rendered":"https:\/\/vlap.fr\/labrassviedejupilles\/?page_id=915"},"modified":"2025-06-07T12:53:57","modified_gmt":"2025-06-07T12:53:57","slug":"magasin-gratuit","status":"publish","type":"page","link":"https:\/\/vlap.fr\/labrassviedejupilles\/magasin-gratuit\/","title":{"rendered":"Magasin gratuit"},"content":{"rendered":"\n<p><em>EN 2019\u00a0<\/em>: L\u2019association l\u2019Escampe met en route le magasin gratuit au fond du jardin.<\/p>\n\n\n\n<p><em>EN 2023<\/em>&nbsp;: Le magasin est d\u00e9plac\u00e9 dans la premi\u00e8re grange afin de profiter d\u2019un espace mieux adapt\u00e9&nbsp;.<\/p>\n\n\n\n<p>D\u00e9sormais, le magasin gratuit est ouvert<strong> toute l\u2019ann\u00e9e.<\/strong><\/p>\n\n\n\n<p>Il est g\u00e9r\u00e9 par des b\u00e9n\u00e9voles qui s\u2019occupent de la r\u00e9partition des dons et de l\u2019entretien du local.<\/p>\n\n\n\n<p><strong>Les r\u00e8gles pour d\u00e9poser&nbsp;:<\/strong><\/p>\n\n\n\n<p>Merci de d\u00e9poser UNIQUEMENT des objets ou v\u00eatements&nbsp;:<\/p>\n\n\n\n<p>&#8211; Propres, de saison<\/p>\n\n\n\n<p>&#8211; En bon \u00e9tat<\/p>\n\n\n\n<p>&#8211; Petits<\/p>\n\n\n\n<p>&#8211; L\u00e9gaux et licites<\/p>\n\n\n\n<p>&#8211; Non alimentaires et sans date de p\u00e9remption<\/p>\n\n\n\n<p>&#8211; Pas de jeux incompets<\/p>\n\n\n\n<p><strong>Les r\u00e8gles d\u2019usage pour prendre&nbsp;:<\/strong><\/p>\n\n\n\n<p>Je prends ce que je veux autant que je veux.<\/p>\n\n\n\n<p>Merci de porter votre conscience sur votre consommation au moment de prendre.<\/p>\n\n\n\n<p>Par ailleurs, si j\u2019essaie er d\u00e9range les articles, je suis responsable de ranger \u00e0 nouveau.<\/p>\n\n\n\n<p>MEUBLES ET OBJETS ENCOMBRANTS&nbsp;:<\/p>\n\n\n\n<p>Un panneau d\u2019affichage est \u00e0 votre disposition sous l\u2019appenti de la cuisine pour les demandes et les offres.<\/p>\n\n\n\n<p><br><\/p>\n","protected":false},"excerpt":{"rendered":"<p>EN 2019\u00a0: L\u2019association l\u2019Escampe met en route le magasin gratuit au fond du jardin. EN 2023&nbsp;: Le magasin est d\u00e9plac\u00e9 dans la premi\u00e8re grange afin de profiter d\u2019un espace mieux adapt\u00e9&nbsp;. D\u00e9sormais, le magasin gratuit est ouvert toute l\u2019ann\u00e9e. Il est g\u00e9r\u00e9 par des b\u00e9n\u00e9voles qui s\u2019occupent de la r\u00e9partition des dons et de l\u2019entretien &hellip; <\/p>\n<p class=\"link-more\"><a href=\"https:\/\/vlap.fr\/labrassviedejupilles\/magasin-gratuit\/\" class=\"more-link\">Continuer la lecture<span class=\"screen-reader-text\"> de &laquo;&nbsp;Magasin gratuit&nbsp;&raquo;<\/span><\/a><\/p>\n","protected":false},"author":1,"featured_media":0,"parent":0,"menu_order":0,"comment_status":"closed","ping_status":"closed","template":"","meta":{"footnotes":""},"class_list":["post-915","page","type-page","status-publish","hentry"],"_links":{"self":[{"href":"https:\/\/vlap.fr\/labrassviedejupilles\/wp-json\/wp\/v2\/pages\/915","targetHints":{"allow":["GET"]}}],"collection":[{"href":"https:\/\/vlap.fr\/labrassviedejupilles\/wp-json\/wp\/v2\/pages"}],"about":[{"href":"https:\/\/vlap.fr\/labrassviedejupilles\/wp-json\/wp\/v2\/types\/page"}],"author":[{"embeddable":true,"href":"https:\/\/vlap.fr\/labrassviedejupilles\/wp-json\/wp\/v2\/users\/1"}],"replies":[{"embeddable":true,"href":"https:\/\/vlap.fr\/labrassviedejupilles\/wp-json\/wp\/v2\/comments?post=915"}],"version-history":[{"count":9,"href":"https:\/\/vlap.fr\/labrassviedejupilles\/wp-json\/wp\/v2\/pages\/915\/revisions"}],"predecessor-version":[{"id":2264,"href":"https:\/\/vlap.fr\/labrassviedejupilles\/wp-json\/wp\/v2\/pages\/915\/revisions\/2264"}],"wp:attachment":[{"href":"https:\/\/vlap.fr\/labrassviedejupilles\/wp-json\/wp\/v2\/media?parent=915"}],"curies":[{"name":"wp","href":"https:\/\/api.w.org\/{rel}","templated":true}]}}