{"id":544,"date":"2020-10-25T18:10:32","date_gmt":"2020-10-25T18:10:32","guid":{"rendered":"https:\/\/vlap.fr\/labrassviedejupilles\/?page_id=544"},"modified":"2020-10-25T18:11:33","modified_gmt":"2020-10-25T18:11:33","slug":"crcovoiturage","status":"publish","type":"page","link":"https:\/\/vlap.fr\/labrassviedejupilles\/crcovoiturage\/","title":{"rendered":"Comptes rendus du cercle covoiturage"},"content":{"rendered":"\n<p><strong>Prise de\u00a0 notes lors de la r\u00e9union\u00a0Covoiturage \u00ab\u00a0Coup de Pouce\u00a0\u00bb du jeudi 14 octobre 2020 20h30<\/strong><br><strong>Ordre du jour :<\/strong>* bilan \u00e0 la date de ce jour* pr\u00e9paration de la r\u00e9union du lundi 26 octobre (9h-17h)<br><strong>Pr\u00e9sents :<\/strong>\u00a0\u00a0\u00a0 physiquement : JM,\u00a0 S, M, S, Y\u00a0\u00a0\u00a0 par t\u00e9l\u00e9phone : S, A\u00a0\u00a0\u00a0\u00a0\u00a0\u00a0\u00a0\u00a0<\/p>\n\n\n\n<p id=\"crcovoiturage\"><strong>* Bilan<\/strong>\u00a0\u00a0\u00a0\u00a0\u00a0\u00a0\u00a0\u00a0\u00a0\u00a0\u00a0\u00a0\u00a0\u00a0\u00a0\u00a0\u00a0\u00a0\u00a0\u00a0\u00a0\u00a0\u00a0\u00a0\u00a0\u00a0\u00a0\u00a0\u00a0\u00a0\u00a0\u00a0\u00a0\u00a0\u00a0\u00a0\u00a0\u00a0\u00a0\u00a0\u00a0<\/p>\n\n\n\n<p>\u00a0\u00a0-aubign\u00e9-racan (s) :\u00a0 ils sont tr\u00e8s pragmatiques, \u00ab le projet n\u2019est pas assez abouti \u00bb, 6 sorties sont possibles ce qui n\u00e9cessite plusieurs panneaux ce qui est peu r\u00e9aliste, ils demandent un cr\u00e9neau horaire pour le passage. \u00ab projet pas suffisamment r\u00e9aliste. \u00bb<\/p>\n\n\n\n<p>-beaumont pied de boeuf (jm): Deux tentatives de pr\u00e9sentation au conseil municipal. Pr\u00e9sentation en novembre normalement. Sophie viendra avec JM pour voir comment cela se passe.-beaumont-sur-d\u00eame (?) :\u00a0<\/p>\n\n\n\n<p>-chahaignes (A., C) : Panneau install\u00e9.-chateau du loir (JM) : Intallation pr\u00e9vue de deux panneaux \u00e0 Montabon (direction Vaas et Lavernat devant la mairie, et direction Ch\u00e2teau et Nogent sur loir au rond point en bas de la pente). Les panonceaux seront fix\u00e9s en dessous de l\u2019affiche.<\/p>\n\n\n\n<p>-chenu (t) : pas de nouvelles-courdemanche (un habitant \u00e0 trouver) : pas de nouvelles-dissay sous courcillon (M) : pas de nouvelles<\/p>\n\n\n\n<p>-ecommoy (un habitant \u00e0 trouver) :<\/p>\n\n\n\n<p>-jupilles (y) : A r\u00e9nover. Deux devis \u00e0 pr\u00e9senter en Mairie : fabrication des pouces par Bidule avec panonceaux de direction attach\u00e9s, ou panneau fabriqu\u00e9 par Bidule ressemblant \u00e0 l\u2019affiche de ch\u00e2teau du loir. JM transfert le fichier de l&rsquo;affiche pour que y demande un devis.<\/p>\n\n\n\n<p>-lhomme (mairie et M), a) : 2 panneau m\u00e9talliques ont \u00e9t\u00e9 r\u00e9cup\u00e9r\u00e9s aupr\u00e8s de Ch\u00e2teau du Loir, les autocollants achet\u00e9s. Le choix de l\u2019endroit d\u2019implantation se fera le 20 octobre en conseil municipal. Les directions seront soit Chahaignes, soit la Chartre, recherche un point de stationnement. Un \u00e9v\u00eanement d\u2019inauguration est envisag\u00e9 : des membres du conseil municipal vont \u00e0 Chahaignes et reviennent en mesurant le temps d\u2019attente.<\/p>\n\n\n\n<p>-la bru\u00e9re sur le loir (jm) : ?<\/p>\n\n\n\n<p>-la chartre sur le loir (a) : rien de neuf<\/p>\n\n\n\n<p>-lavernat (y, A) : solide car fait avec du matos pro par les ouvriers municipaux, direction ch\u00e2teau , verneuil, maillet, arr\u00eat de bus<\/p>\n\n\n\n<p>\u00a0-le grand luc\u00e9 (S) : A relancer-luceau (JM) : rien fait de plus. A relancer<\/p>\n\n\n\n<p>-mar\u00e7on (a) : rien fait de plus. A relancer.-marign\u00e9 (un habitant \u00e0 trouver) :<\/p>\n\n\n\n<p>-parign\u00e9 (un habitant \u00e0 trouver) : S relance<\/p>\n\n\n\n<p>-pruill\u00e9 l&rsquo;\u00e9guill\u00e9 (M) : tract \u00e0 donner \u00e0 Mme le Maire-ruille (a) : definitively not<\/p>\n\n\n\n<p>-st pierre du lorouer (un habitant \u00e0 trouver) : ?<\/p>\n\n\n\n<p>-st germain d&rsquo;arc\u00e9 (un habitant \u00e0 trouver) :\u00a0 Jm demande \u00e0 B<\/p>\n\n\n\n<p>-st vincent (un habitant \u00e0 trouver) : JM contacte TB, le boucher ?<\/p>\n\n\n\n<p>-thoir\u00e9 sur dinan (S) : refus de l&rsquo;ancien conseil. Sophie est ok pour demander la mise \u00e0 l&rsquo;ordre du jour au conseil municipal. JM peut l&rsquo;accompagner en soutien.<\/p>\n\n\n\n<p>-vaas (un habitant \u00e0 trouver) : J demande \u00e0 B<\/p>\n\n\n\n<p><br><strong>* R\u00e9union du 26 octobre 2020 :<\/strong>\u00a0\u00a0\u00a0 Aucune des 7 personnes pr\u00e9sentes n\u2019est disponibles : au travail ou en d\u00e9placement. Jm va proposer 2 solutions : annulation de notre intervention ou pr\u00e9sentation en visio-conf\u00e9rence.\u00a0\u00a0\u00a0\u00a0<\/p>\n\n\n\n<p><strong>* prochain point fin d\u00e9cembre.<\/strong><\/p>\n","protected":false},"excerpt":{"rendered":"<p>Prise de\u00a0 notes lors de la r\u00e9union\u00a0Covoiturage \u00ab\u00a0Coup de Pouce\u00a0\u00bb du jeudi 14 octobre 2020 20h30Ordre du jour :* bilan \u00e0 la date de ce jour* pr\u00e9paration de la r\u00e9union du lundi 26 octobre (9h-17h)Pr\u00e9sents :\u00a0\u00a0\u00a0 physiquement : JM,\u00a0 S, M, S, Y\u00a0\u00a0\u00a0 par t\u00e9l\u00e9phone : S, A\u00a0\u00a0\u00a0\u00a0\u00a0\u00a0\u00a0\u00a0 * Bilan\u00a0\u00a0\u00a0\u00a0\u00a0\u00a0\u00a0\u00a0\u00a0\u00a0\u00a0\u00a0\u00a0\u00a0\u00a0\u00a0\u00a0\u00a0\u00a0\u00a0\u00a0\u00a0\u00a0\u00a0\u00a0\u00a0\u00a0\u00a0\u00a0\u00a0\u00a0\u00a0\u00a0\u00a0\u00a0\u00a0\u00a0\u00a0\u00a0\u00a0\u00a0 \u00a0\u00a0-aubign\u00e9-racan (s) :\u00a0 ils sont &hellip; <\/p>\n<p class=\"link-more\"><a href=\"https:\/\/vlap.fr\/labrassviedejupilles\/crcovoiturage\/\" class=\"more-link\">Continuer la lecture<span class=\"screen-reader-text\"> de &laquo;&nbsp;Comptes rendus du cercle covoiturage&nbsp;&raquo;<\/span><\/a><\/p>\n","protected":false},"author":1,"featured_media":0,"parent":0,"menu_order":0,"comment_status":"closed","ping_status":"closed","template":"","meta":{"footnotes":""},"class_list":["post-544","page","type-page","status-publish","hentry"],"_links":{"self":[{"href":"https:\/\/vlap.fr\/labrassviedejupilles\/wp-json\/wp\/v2\/pages\/544","targetHints":{"allow":["GET"]}}],"collection":[{"href":"https:\/\/vlap.fr\/labrassviedejupilles\/wp-json\/wp\/v2\/pages"}],"about":[{"href":"https:\/\/vlap.fr\/labrassviedejupilles\/wp-json\/wp\/v2\/types\/page"}],"author":[{"embeddable":true,"href":"https:\/\/vlap.fr\/labrassviedejupilles\/wp-json\/wp\/v2\/users\/1"}],"replies":[{"embeddable":true,"href":"https:\/\/vlap.fr\/labrassviedejupilles\/wp-json\/wp\/v2\/comments?post=544"}],"version-history":[{"count":1,"href":"https:\/\/vlap.fr\/labrassviedejupilles\/wp-json\/wp\/v2\/pages\/544\/revisions"}],"predecessor-version":[{"id":546,"href":"https:\/\/vlap.fr\/labrassviedejupilles\/wp-json\/wp\/v2\/pages\/544\/revisions\/546"}],"wp:attachment":[{"href":"https:\/\/vlap.fr\/labrassviedejupilles\/wp-json\/wp\/v2\/media?parent=544"}],"curies":[{"name":"wp","href":"https:\/\/api.w.org\/{rel}","templated":true}]}}