{"id":501,"date":"2020-09-20T09:12:47","date_gmt":"2020-09-20T09:12:47","guid":{"rendered":"https:\/\/vlap.fr\/labrassviedejupilles\/?page_id=501"},"modified":"2020-09-21T06:35:16","modified_gmt":"2020-09-21T06:35:16","slug":"crmenage","status":"publish","type":"page","link":"https:\/\/vlap.fr\/labrassviedejupilles\/crmenage\/","title":{"rendered":"Comptes rendus du cercle M\u00e9nage"},"content":{"rendered":"\n<p>samedi 12\/09\/2020<\/p>\n\n\n\n<p>Tout d&rsquo;abord <strong>MERCI <\/strong>\u00e0 celles et ceux pr\u00e9sents samedi, ce moment a permis de se rencontrer, d&rsquo;\u00e9changer sur les missions de \u00ab\u00a0l&rsquo;\u00e9quipe m\u00e9nage\u00a0\u00bb, d&rsquo;entendre vos exp\u00e9riences, d&rsquo;imaginer une \u00e9bauche de planning&#8230;<\/p>\n\n\n\n<p>Personnes pr\u00e9sentes : H, G, G, G, J, JM, M, Y.<\/p>\n\n\n\n<p>1\/&nbsp; Petit point sur ce qui s&rsquo;est dit :<\/p>\n\n\n\n<p>* <strong>Les espaces ou \u00e9l\u00e9ments \u00e0 consid\u00e9rer<\/strong> : surfaces (tables, bar&#8230;), sol, WC, poubelles (+ tri s\u00e9lectif), cuisine (\u00e9viers, cuisson, r\u00e9frig\u00e9rateurs, hottes,&#8230;), chaussures de cuisine, luminaires, lessives. PS : A. a propos\u00e9 (par email) de nous donner des fiches process en lien avec le COVID<\/p>\n\n\n\n<p>* Afin de soulager l&rsquo;\u00e9quipe cuisine et permettre \u00e0 plus de b\u00e9n\u00e9voles de s&rsquo;y engager, il a \u00e9t\u00e9 propos\u00e9 que des b\u00e9n\u00e9voles \u00ab\u00a0m\u00e9nage\u00a0\u00bb viennent (en milieu ou fin de service pour plonge par exemple) en <strong>soutien<\/strong>, J., M. et G. sont volontaires, Merci<\/p>\n\n\n\n<p>* Proposition de (re)faire des <strong>fiches <\/strong>permettant le suivi des espaces nettoy\u00e9s : Cuisine (avec liste des \u00e9l\u00e9ments, hottes, cuisson, four, sol&#8230;), frigos, Bar, Toilettes. Je propose de le faire<\/p>\n\n\n\n<p>* Proposition qu&rsquo;\u00e0 tour de r\u00f4le, une personne fasse le tour de la Brass&rsquo;vie, avec des yeux critiques, en relevant tout \u00ab\u00a0ce qui dysfonctionne\u00a0\u00bb. Par ex : toiles d&rsquo;araign\u00e9es, trous dans les murs, t\u00e2ches&#8230;G. r\u00e9alisera le 1er \u00ab\u00a0<strong>audit<\/strong>\u00a0\u00bb <\/p>\n\n\n\n<p>* Nous avons \u00e9galement fait le tour du <strong>mat\u00e9riel <\/strong>\u00e0 disposition et fait une liste d&rsquo;\u00e9l\u00e9ments \u00e0 acheter (serpill\u00e8res, essentiellement)<\/p>\n\n\n\n<p>* Il a \u00e9t\u00e9 propos\u00e9 que nous mettions en place un <strong>cahier de transmission<\/strong> \u00ab\u00a0m\u00e9nage\u00a0\u00bb, afin de noter les \u00e9l\u00e9ments importants et que toutes et tous puissent avoir acc\u00e8s aux informations. G. offrira ce 1er cahier \u00e0 la Brass&rsquo;vie, Merci !<br>* En mati\u00e8re de disponibilit\u00e9s, <strong>planning <\/strong>:<br>M\u00e9nage de fa\u00e7on hebdomadaire :<\/p>\n\n\n\n<p>&#8211; Tous les <strong>LUNDIS de 9h \u00e0 12h<\/strong>, dans l&rsquo;id\u00e9al 2 personnes m\u00e9nage (G., J. et G. ok pour ce cr\u00e9neau) + 1 personne au bar<\/p>\n\n\n\n<p>&#8211; \u00e0 voir <strong><em>selon les disponibilit\u00e9s de chacun, chacune<\/em><\/strong> et les activit\u00e9s du lieu (M. propose ces cr\u00e9neaux) :<br><br>&nbsp;&nbsp;&nbsp;&nbsp;\u00b0 un <strong>JEUDI ou VENDREDI apr\u00e8s-midi 14h30 &#8211; 16h ou 17h<\/strong> (peut-\u00eatre plut\u00f4t vendredi car jeudi il y a l\u00e2chage vocal ?)&nbsp;&nbsp;&nbsp; \u00b0 un <strong>SOIR en SEMAINE apr\u00e8s 19h<\/strong> (G. ok aussi)<br>&#8211; Dans l&rsquo;id\u00e9al aussi, <strong>quand les repas auront repris<\/strong>, il serait judicieux de faire un m\u00e9nage \u00ab\u00a0sp\u00e9cial cuisine\u00a0\u00bb le <strong>SAMEDI soir<\/strong><\/p>\n\n\n\n<p><strong>Merci \u00e0 celles et ceux qui n&rsquo;ont pas pu \u00eatre pr\u00e9sents samedi, de me dire<br><\/strong><strong>sur quel(s) cr\u00e9neau(x) vous \u00eates pr\u00eats \u00e0 vous engager SVP ?<\/strong><\/p>\n\n\n\n<p>* Un <strong>robot <\/strong>(aspirateur, laveur) a \u00e9t\u00e9 achet\u00e9 par la Brass&rsquo;vie, un essai a \u00e9t\u00e9 fait hier soir, nous en reparlerons.<br>* Je centralise les infos donc si vous avez une <strong>question, remarque, suggestion, un contre temps<\/strong>&#8230;Faites m&rsquo;en part SVP, Merci.<br>* Il a \u00e9t\u00e9 propos\u00e9, afin que l&rsquo;activit\u00e9 m\u00e9nage fonctionne le mieux possible de nous retrouver pour faire le point :<br><strong>le 2\u00e8me samedi de chaque mois, 10h-12h&nbsp; (\u00e0 noter dans vos agendas )<\/strong><br>Prochaine rencontre donc <strong>Samedi 10 octobre, 10h-12h<\/strong><br>pour rappel : demain lundi (9h-12h) m\u00e9nage \u00e0 la Brass&rsquo;vie,<br><strong>un autre cr\u00e9neau cette semaine serait appr\u00e9ci\u00e9 <\/strong>(jeudi soir l\u00e2chage vocal, vendredi soir concert) qui est motiv\u00e9(e) ? et \u00e0 quel moment SVP ? D&rsquo;avance MERCI pour votre engagement.<\/p>\n\n\n\n<p>Merci \u00e0 chacun\/chacune de respecter le travail du groupe m\u00e9nage en mettant les choses \u00e0 la poubelle, au tri, au compost, les choses \u00e0 laver dans la machine, un coup de balai apr\u00e8s le service.<\/p>\n","protected":false},"excerpt":{"rendered":"<p>samedi 12\/09\/2020 Tout d&rsquo;abord MERCI \u00e0 celles et ceux pr\u00e9sents samedi, ce moment a permis de se rencontrer, d&rsquo;\u00e9changer sur les missions de \u00ab\u00a0l&rsquo;\u00e9quipe m\u00e9nage\u00a0\u00bb, d&rsquo;entendre vos exp\u00e9riences, d&rsquo;imaginer une \u00e9bauche de planning&#8230; Personnes pr\u00e9sentes : H, G, G, G, J, JM, M, Y. 1\/&nbsp; Petit point sur ce qui s&rsquo;est dit : * Les &hellip; <\/p>\n<p class=\"link-more\"><a href=\"https:\/\/vlap.fr\/labrassviedejupilles\/crmenage\/\" class=\"more-link\">Continuer la lecture<span class=\"screen-reader-text\"> de &laquo;&nbsp;Comptes rendus du cercle M\u00e9nage&nbsp;&raquo;<\/span><\/a><\/p>\n","protected":false},"author":1,"featured_media":0,"parent":0,"menu_order":0,"comment_status":"closed","ping_status":"closed","template":"","meta":{"footnotes":""},"class_list":["post-501","page","type-page","status-publish","hentry"],"_links":{"self":[{"href":"https:\/\/vlap.fr\/labrassviedejupilles\/wp-json\/wp\/v2\/pages\/501","targetHints":{"allow":["GET"]}}],"collection":[{"href":"https:\/\/vlap.fr\/labrassviedejupilles\/wp-json\/wp\/v2\/pages"}],"about":[{"href":"https:\/\/vlap.fr\/labrassviedejupilles\/wp-json\/wp\/v2\/types\/page"}],"author":[{"embeddable":true,"href":"https:\/\/vlap.fr\/labrassviedejupilles\/wp-json\/wp\/v2\/users\/1"}],"replies":[{"embeddable":true,"href":"https:\/\/vlap.fr\/labrassviedejupilles\/wp-json\/wp\/v2\/comments?post=501"}],"version-history":[{"count":3,"href":"https:\/\/vlap.fr\/labrassviedejupilles\/wp-json\/wp\/v2\/pages\/501\/revisions"}],"predecessor-version":[{"id":505,"href":"https:\/\/vlap.fr\/labrassviedejupilles\/wp-json\/wp\/v2\/pages\/501\/revisions\/505"}],"wp:attachment":[{"href":"https:\/\/vlap.fr\/labrassviedejupilles\/wp-json\/wp\/v2\/media?parent=501"}],"curies":[{"name":"wp","href":"https:\/\/api.w.org\/{rel}","templated":true}]}}