{"id":2864,"date":"2026-01-17T19:50:48","date_gmt":"2026-01-17T19:50:48","guid":{"rendered":"https:\/\/vlap.fr\/labrassviedejupilles\/?page_id=2864"},"modified":"2026-01-17T19:50:48","modified_gmt":"2026-01-17T19:50:48","slug":"hymne","status":"publish","type":"page","link":"https:\/\/vlap.fr\/labrassviedejupilles\/hymne\/","title":{"rendered":"Hymne"},"content":{"rendered":"\n<p><strong><em>Hymne \u00e0 la Brass\u2019Vie<\/em><\/strong><\/p>\n\n\n\n<p><em>\u00ab&nbsp;Un bistrot, \u00e7a rena\u00eet, \u00e7a revit,<br>\u00c0 l\u2019endroit, dans vos verres.<br>Un troquet pour la paix, pour la vie,<br>\u00c7a r\u00e9chauffe les d\u00e9serts.<\/em><\/p>\n\n\n\n<p><em>On partage des copains, des amis,<br>C\u2019est la poire au dessert.<br>Un r\u00e9gal, un bon pain, une bonne mie,<br>\u00c7a respire le bon air.<\/em><\/p>\n\n\n\n<p><em>Et l\u2019esp\u00e9rance au marc de caf\u00e9,<br>Comme le soleil dans l\u2019obscurit\u00e9.<\/em><\/p>\n\n\n\n<p><em>Bienvenue, aux id\u00e9es, aux pens\u00e9es,<br>Sur vos l\u00e8vres, vos sourires.<br>Un bonjour, un bisou, un baiser,<br>\u00c7a r\u00e9veille les plaisirs.<\/em><\/p>\n\n\n\n<p><em>Une maman, un b\u00e9b\u00e9, un p\u00e9p\u00e9,<br>Un voyageur \u00e9gar\u00e9.<br>Un gamin, un papa, une beaut\u00e9,<br>\u00c7a resplendit au caf\u00e9.<\/em><\/p>\n\n\n\n<p><em>\u00c0 la Brass\u2019Vie, on enterre la mort.<br>\u00c0 la Brass\u2019Vie, c\u2019est la vie qu\u2019on d\u00e9vore&nbsp;\u00bb.<\/em><\/p>\n\n\n\n<p><\/p>\n","protected":false},"excerpt":{"rendered":"<p>Hymne \u00e0 la Brass\u2019Vie \u00ab&nbsp;Un bistrot, \u00e7a rena\u00eet, \u00e7a revit,\u00c0 l\u2019endroit, dans vos verres.Un troquet pour la paix, pour la vie,\u00c7a r\u00e9chauffe les d\u00e9serts. On partage des copains, des amis,C\u2019est la poire au dessert.Un r\u00e9gal, un bon pain, une bonne mie,\u00c7a respire le bon air. Et l\u2019esp\u00e9rance au marc de caf\u00e9,Comme le soleil dans l\u2019obscurit\u00e9. &hellip; <\/p>\n<p class=\"link-more\"><a href=\"https:\/\/vlap.fr\/labrassviedejupilles\/hymne\/\" class=\"more-link\">Continuer la lecture<span class=\"screen-reader-text\"> de &laquo;&nbsp;Hymne&nbsp;&raquo;<\/span><\/a><\/p>\n","protected":false},"author":1,"featured_media":0,"parent":0,"menu_order":0,"comment_status":"closed","ping_status":"closed","template":"","meta":{"footnotes":""},"class_list":["post-2864","page","type-page","status-publish","hentry"],"_links":{"self":[{"href":"https:\/\/vlap.fr\/labrassviedejupilles\/wp-json\/wp\/v2\/pages\/2864","targetHints":{"allow":["GET"]}}],"collection":[{"href":"https:\/\/vlap.fr\/labrassviedejupilles\/wp-json\/wp\/v2\/pages"}],"about":[{"href":"https:\/\/vlap.fr\/labrassviedejupilles\/wp-json\/wp\/v2\/types\/page"}],"author":[{"embeddable":true,"href":"https:\/\/vlap.fr\/labrassviedejupilles\/wp-json\/wp\/v2\/users\/1"}],"replies":[{"embeddable":true,"href":"https:\/\/vlap.fr\/labrassviedejupilles\/wp-json\/wp\/v2\/comments?post=2864"}],"version-history":[{"count":1,"href":"https:\/\/vlap.fr\/labrassviedejupilles\/wp-json\/wp\/v2\/pages\/2864\/revisions"}],"predecessor-version":[{"id":2865,"href":"https:\/\/vlap.fr\/labrassviedejupilles\/wp-json\/wp\/v2\/pages\/2864\/revisions\/2865"}],"wp:attachment":[{"href":"https:\/\/vlap.fr\/labrassviedejupilles\/wp-json\/wp\/v2\/media?parent=2864"}],"curies":[{"name":"wp","href":"https:\/\/api.w.org\/{rel}","templated":true}]}}