{"id":25,"date":"2018-11-14T18:27:46","date_gmt":"2018-11-14T18:27:46","guid":{"rendered":"https:\/\/vlap.fr\/labrassviedejupilles\/?page_id=25"},"modified":"2025-03-09T17:29:18","modified_gmt":"2025-03-09T17:29:18","slug":"nous-contacter","status":"publish","type":"page","link":"https:\/\/vlap.fr\/labrassviedejupilles\/nous-contacter\/","title":{"rendered":"Nous contacter"},"content":{"rendered":"\n<p>Adresse : Le Saint-Jacques,&nbsp; Place Ricordeau, 72500 Jupilles<\/p>\n\n\n\n<p>Nous joindre par t\u00e9l\u00e9phone : 06 13 61 90 59 (pendant les heures d&rsquo;ouverture ou alors par sms)<\/p>\n\n\n\n<p>Notre mail : <a href=\"mailto:brassviejupilles@gmail.com\">brassviejupilles@gmail.com<\/a> (pour \u00e9viter les spams, ceci n&rsquo;est pas le mail que nous utilisons au quotidien. Pour le conna\u00eetre, venez nous voir !)<\/p>\n\n\n\n<p>Notre page Facebook : <a href=\"https:\/\/www.facebook.com\/La-BrassVie-de-Jupilles-Le-Saint-Jacques-977160722438161\/\" target=\"_blank\" rel=\"noopener\">Cliquer ici<\/a><\/p>\n\n\n\n<p>Adh\u00e9sion de soutien \u00e0 la Brass&rsquo;Vie : <a href=\"https:\/\/www.helloasso.com\/associations\/la-brass-vie-de-jupilles\/adhesions\/adhesion-de-soutien-au-saint-jacques\" target=\"_blank\" rel=\"noopener\">sur le site de Helloasso<\/a><\/p>\n\n\n\n<p>Ce site internet : <a href=\"http:\/\/vlap.fr\/labrassviedejupilles\">vlap.fr\/labrassviedejupilles<\/a><\/p>\n\n\n<div class=\"wp-block-image\">\n<figure class=\"aligncenter is-resized\"><img loading=\"lazy\" decoding=\"async\" width=\"300\" height=\"169\" src=\"https:\/\/vlap.fr\/labrassviedejupilles\/wp-content\/uploads\/2018\/11\/bar-asso-300x169.jpg\" alt=\"\" class=\"wp-image-80\" style=\"width:802px;height:450px\" srcset=\"https:\/\/vlap.fr\/labrassviedejupilles\/wp-content\/uploads\/2018\/11\/bar-asso-300x169.jpg 300w, https:\/\/vlap.fr\/labrassviedejupilles\/wp-content\/uploads\/2018\/11\/bar-asso-768x432.jpg 768w, https:\/\/vlap.fr\/labrassviedejupilles\/wp-content\/uploads\/2018\/11\/bar-asso.jpg 960w\" sizes=\"auto, (max-width: 300px) 100vw, 300px\" \/><\/figure>\n<\/div>\n\n\n<p>Les murs et le terrain appartiennent \u00e0 une cinquantaine de citoyens regroup\u00e9s en SCI. La tenue du caf\u00e9, la restauration et les animations sont assur\u00e9es par des adh\u00e9rents de l\u2019association <strong>\u00ab&nbsp;La Brass\u2019Vie&nbsp;de Jupilles\u00bb.<\/strong><\/p>\n\n\n\n<p><strong>Tu peux adh\u00e9rer&nbsp;:<\/strong><br>&gt; 5\u20ac de base, ou<br>&gt; 50\u20ac en soutien,<br>et nous t\u2019offrons dans les 2 cas une boisson gratuite pour f\u00eater cela&nbsp;!<\/p>\n\n\n\n<p><strong>Une fois adh\u00e9rent, tu peux nous aider&nbsp;:<\/strong><br>&#8211;&nbsp;\u00e0 tenir le bar,<br>&#8211;&nbsp;\u00e0 faire la cuisine,<br>&#8211;&nbsp;\u00e0 organiser des soir\u00e9es musique, chant, danse ou spectacle,<br>&#8211;&nbsp;en participant aux ateliers litt\u00e9raire, informatique ou philosophique<br>&#8211;&nbsp;\u00e0 lancer d\u2019autres ateliers&nbsp;: couture, tricot, lecture, jardinage \u2026<br>&#8211;&nbsp;lors des actions de r\u00e9novation du caf\u00e9,<br>&#8211;&nbsp;en proposant tes id\u00e9es\u2026<\/p>\n\n\n\n<p>\u2026 mais tu peux aussi simplement venir boire un coup ou manger un morceau dans une ambiance conviviale.<\/p>\n\n\n\n<p><strong>Plus d\u2019information sur ce projet&nbsp;?<\/strong><br>N\u2019h\u00e9site pas \u00e0 ouvrir le classeur des souvenirs (gris) ou de la direction coll\u00e9giale (rouge) disponible au Saint Jacques et \u00e0 nous questionner&nbsp;!<\/p>\n\n\n\n<p><\/p>\n","protected":false},"excerpt":{"rendered":"<p>Adresse : Le Saint-Jacques,&nbsp; Place Ricordeau, 72500 Jupilles Nous joindre par t\u00e9l\u00e9phone : 06 13 61 90 59 (pendant les heures d&rsquo;ouverture ou alors par sms) Notre mail : brassviejupilles@gmail.com (pour \u00e9viter les spams, ceci n&rsquo;est pas le mail que nous utilisons au quotidien. Pour le conna\u00eetre, venez nous voir !) Notre page Facebook : &hellip; <\/p>\n<p class=\"link-more\"><a href=\"https:\/\/vlap.fr\/labrassviedejupilles\/nous-contacter\/\" class=\"more-link\">Continuer la lecture<span class=\"screen-reader-text\"> de &laquo;&nbsp;Nous contacter&nbsp;&raquo;<\/span><\/a><\/p>\n","protected":false},"author":1,"featured_media":0,"parent":0,"menu_order":0,"comment_status":"closed","ping_status":"closed","template":"","meta":{"footnotes":""},"class_list":["post-25","page","type-page","status-publish","hentry"],"_links":{"self":[{"href":"https:\/\/vlap.fr\/labrassviedejupilles\/wp-json\/wp\/v2\/pages\/25","targetHints":{"allow":["GET"]}}],"collection":[{"href":"https:\/\/vlap.fr\/labrassviedejupilles\/wp-json\/wp\/v2\/pages"}],"about":[{"href":"https:\/\/vlap.fr\/labrassviedejupilles\/wp-json\/wp\/v2\/types\/page"}],"author":[{"embeddable":true,"href":"https:\/\/vlap.fr\/labrassviedejupilles\/wp-json\/wp\/v2\/users\/1"}],"replies":[{"embeddable":true,"href":"https:\/\/vlap.fr\/labrassviedejupilles\/wp-json\/wp\/v2\/comments?post=25"}],"version-history":[{"count":17,"href":"https:\/\/vlap.fr\/labrassviedejupilles\/wp-json\/wp\/v2\/pages\/25\/revisions"}],"predecessor-version":[{"id":2193,"href":"https:\/\/vlap.fr\/labrassviedejupilles\/wp-json\/wp\/v2\/pages\/25\/revisions\/2193"}],"wp:attachment":[{"href":"https:\/\/vlap.fr\/labrassviedejupilles\/wp-json\/wp\/v2\/media?parent=25"}],"curies":[{"name":"wp","href":"https:\/\/api.w.org\/{rel}","templated":true}]}}