{"id":2298,"date":"2025-07-06T08:35:16","date_gmt":"2025-07-06T08:35:16","guid":{"rendered":"https:\/\/vlap.fr\/labrassviedejupilles\/?page_id=2298"},"modified":"2025-07-06T08:35:16","modified_gmt":"2025-07-06T08:35:16","slug":"thomas-renoux","status":"publish","type":"page","link":"https:\/\/vlap.fr\/labrassviedejupilles\/thomas-renoux\/","title":{"rendered":"Thomas Renoux"},"content":{"rendered":"\n<p>\u00a0AVIS DE RECHERCHE<div class=\"moz-text-html\" lang=\"x-unicode\"><div dir=\"auto\"><div data-smartmail=\"gmail_signature\"><\/div><div data-smartmail=\"gmail_signature\" dir=\"auto\">Sa  famille, ses amis et clients (jardins) sont sans nouvelles de Thomas Renoux depuis le samedi 21 juin o\u00f9 son t\u00e9l\u00e9phone est pass\u00e9 sur messagerie.<\/div><div data-smartmail=\"gmail_signature\" dir=\"auto\">Tous sont tr\u00e8s inquiets.<\/div><div data-smartmail=\"gmail_signature\" dir=\"auto\">Si vous avez une information, merci de contacter sa maman au 06 41 41 45 73.<\/div><div data-smartmail=\"gmail_signature\" dir=\"auto\">Thomas habite \u00e0 St-Michel de Chavaignes, Sarthe (72440), pr\u00e8s de Connerre. Il \u00e9tait au Futuroscope de Poitiers le jeudi 19 juin.<\/div><div data-smartmail=\"gmail_signature\" dir=\"auto\">Il aime la nature, les bals folks et autres rassemblements culturels alternatifs et s&rsquo;int\u00e9resse \u00e0 l&rsquo;architecture.<\/div><div data-smartmail=\"gmail_signature\" dir=\"auto\">1m70, mince, ch\u00e2tain, yeux noisette \u00e0 bleu fonc\u00e9 selon la m\u00e9t\u00e9o. Il conduit un petit utilitaire blanc.<\/div><div data-smartmail=\"gmail_signature\" dir=\"auto\">Merci de partager en masse !<\/div><\/div><\/div><\/p>\n\n\n\n<figure class=\"wp-block-image size-full\"><img loading=\"lazy\" decoding=\"async\" width=\"353\" height=\"362\" src=\"https:\/\/vlap.fr\/labrassviedejupilles\/wp-content\/uploads\/2025\/07\/tRrenoux.jpg\" alt=\"\" class=\"wp-image-2299\" srcset=\"https:\/\/vlap.fr\/labrassviedejupilles\/wp-content\/uploads\/2025\/07\/tRrenoux.jpg 353w, https:\/\/vlap.fr\/labrassviedejupilles\/wp-content\/uploads\/2025\/07\/tRrenoux-293x300.jpg 293w\" sizes=\"auto, (max-width: 353px) 100vw, 353px\" \/><\/figure>\n","protected":false},"excerpt":{"rendered":"<p>\u00a0AVIS DE RECHERCHE Sa famille, ses amis et clients (jardins) sont sans nouvelles de Thomas Renoux depuis le samedi 21 juin o\u00f9 son t\u00e9l\u00e9phone est pass\u00e9 sur messagerie. Tous sont tr\u00e8s inquiets. Si vous avez une information, merci de contacter sa maman au 06 41 41 45 73. Thomas habite \u00e0 St-Michel de Chavaignes, Sarthe &hellip; <\/p>\n<p class=\"link-more\"><a href=\"https:\/\/vlap.fr\/labrassviedejupilles\/thomas-renoux\/\" class=\"more-link\">Continuer la lecture<span class=\"screen-reader-text\"> de &laquo;&nbsp;Thomas Renoux&nbsp;&raquo;<\/span><\/a><\/p>\n","protected":false},"author":1,"featured_media":0,"parent":0,"menu_order":0,"comment_status":"closed","ping_status":"closed","template":"","meta":{"footnotes":""},"class_list":["post-2298","page","type-page","status-publish","hentry"],"_links":{"self":[{"href":"https:\/\/vlap.fr\/labrassviedejupilles\/wp-json\/wp\/v2\/pages\/2298","targetHints":{"allow":["GET"]}}],"collection":[{"href":"https:\/\/vlap.fr\/labrassviedejupilles\/wp-json\/wp\/v2\/pages"}],"about":[{"href":"https:\/\/vlap.fr\/labrassviedejupilles\/wp-json\/wp\/v2\/types\/page"}],"author":[{"embeddable":true,"href":"https:\/\/vlap.fr\/labrassviedejupilles\/wp-json\/wp\/v2\/users\/1"}],"replies":[{"embeddable":true,"href":"https:\/\/vlap.fr\/labrassviedejupilles\/wp-json\/wp\/v2\/comments?post=2298"}],"version-history":[{"count":1,"href":"https:\/\/vlap.fr\/labrassviedejupilles\/wp-json\/wp\/v2\/pages\/2298\/revisions"}],"predecessor-version":[{"id":2300,"href":"https:\/\/vlap.fr\/labrassviedejupilles\/wp-json\/wp\/v2\/pages\/2298\/revisions\/2300"}],"wp:attachment":[{"href":"https:\/\/vlap.fr\/labrassviedejupilles\/wp-json\/wp\/v2\/media?parent=2298"}],"curies":[{"name":"wp","href":"https:\/\/api.w.org\/{rel}","templated":true}]}}