{"id":2228,"date":"2025-05-18T17:58:25","date_gmt":"2025-05-18T17:58:25","guid":{"rendered":"https:\/\/vlap.fr\/labrassviedejupilles\/?page_id=2228"},"modified":"2025-05-18T17:58:25","modified_gmt":"2025-05-18T17:58:25","slug":"chene-boppe","status":"publish","type":"page","link":"https:\/\/vlap.fr\/labrassviedejupilles\/chene-boppe\/","title":{"rendered":"Ch\u00eane Boppe"},"content":{"rendered":"\n<p>Une planche issue de l&rsquo;historique ch\u00eane Boppe a \u00e9t\u00e9 donn\u00e9e \u00e0 l&rsquo;association. Nous l&rsquo;exposons dans le bar, accompagn\u00e9e de photos ainsi que d&rsquo;un texte explicatif.<\/p>\n\n\n\n<p>Merci \u00e0 la famille donatrice et aux b\u00e9n\u00e9voles ayant permis cette exposition.<\/p>\n\n\n\n<figure class=\"wp-block-image size-full\"><img loading=\"lazy\" decoding=\"async\" width=\"450\" height=\"600\" src=\"https:\/\/vlap.fr\/labrassviedejupilles\/wp-content\/uploads\/2025\/05\/image0000011.resized.jpg\" alt=\"\" class=\"wp-image-2229\" srcset=\"https:\/\/vlap.fr\/labrassviedejupilles\/wp-content\/uploads\/2025\/05\/image0000011.resized.jpg 450w, https:\/\/vlap.fr\/labrassviedejupilles\/wp-content\/uploads\/2025\/05\/image0000011.resized-225x300.jpg 225w\" sizes=\"auto, (max-width: 450px) 100vw, 450px\" \/><\/figure>\n\n\n\n<figure class=\"wp-block-image size-full\"><img loading=\"lazy\" decoding=\"async\" width=\"450\" height=\"600\" src=\"https:\/\/vlap.fr\/labrassviedejupilles\/wp-content\/uploads\/2025\/05\/image0000021.resized.jpg\" alt=\"\" class=\"wp-image-2230\" srcset=\"https:\/\/vlap.fr\/labrassviedejupilles\/wp-content\/uploads\/2025\/05\/image0000021.resized.jpg 450w, https:\/\/vlap.fr\/labrassviedejupilles\/wp-content\/uploads\/2025\/05\/image0000021.resized-225x300.jpg 225w\" sizes=\"auto, (max-width: 450px) 100vw, 450px\" \/><\/figure>\n","protected":false},"excerpt":{"rendered":"<p>Une planche issue de l&rsquo;historique ch\u00eane Boppe a \u00e9t\u00e9 donn\u00e9e \u00e0 l&rsquo;association. Nous l&rsquo;exposons dans le bar, accompagn\u00e9e de photos ainsi que d&rsquo;un texte explicatif. Merci \u00e0 la famille donatrice et aux b\u00e9n\u00e9voles ayant permis cette exposition.<\/p>\n","protected":false},"author":1,"featured_media":0,"parent":0,"menu_order":0,"comment_status":"closed","ping_status":"closed","template":"","meta":{"footnotes":""},"class_list":["post-2228","page","type-page","status-publish","hentry"],"_links":{"self":[{"href":"https:\/\/vlap.fr\/labrassviedejupilles\/wp-json\/wp\/v2\/pages\/2228","targetHints":{"allow":["GET"]}}],"collection":[{"href":"https:\/\/vlap.fr\/labrassviedejupilles\/wp-json\/wp\/v2\/pages"}],"about":[{"href":"https:\/\/vlap.fr\/labrassviedejupilles\/wp-json\/wp\/v2\/types\/page"}],"author":[{"embeddable":true,"href":"https:\/\/vlap.fr\/labrassviedejupilles\/wp-json\/wp\/v2\/users\/1"}],"replies":[{"embeddable":true,"href":"https:\/\/vlap.fr\/labrassviedejupilles\/wp-json\/wp\/v2\/comments?post=2228"}],"version-history":[{"count":1,"href":"https:\/\/vlap.fr\/labrassviedejupilles\/wp-json\/wp\/v2\/pages\/2228\/revisions"}],"predecessor-version":[{"id":2231,"href":"https:\/\/vlap.fr\/labrassviedejupilles\/wp-json\/wp\/v2\/pages\/2228\/revisions\/2231"}],"wp:attachment":[{"href":"https:\/\/vlap.fr\/labrassviedejupilles\/wp-json\/wp\/v2\/media?parent=2228"}],"curies":[{"name":"wp","href":"https:\/\/api.w.org\/{rel}","templated":true}]}}