{"id":2150,"date":"2025-01-05T17:54:18","date_gmt":"2025-01-05T17:54:18","guid":{"rendered":"https:\/\/vlap.fr\/labrassviedejupilles\/?page_id=2150"},"modified":"2025-01-05T17:54:18","modified_gmt":"2025-01-05T17:54:18","slug":"nos-fournisseurs","status":"publish","type":"page","link":"https:\/\/vlap.fr\/labrassviedejupilles\/nos-fournisseurs\/","title":{"rendered":"Nos Fournisseurs"},"content":{"rendered":"\n<p>(page en construction)<\/p>\n\n\n\n<p>Caf\u00e9 (torr\u00e9fi\u00e9 par Denis de <a href=\"https:\/\/www.petitfute.com\/v28690-montval-sur-loir-72500\/c650-produits-gourmands-vins\/c1116-viandes-et-volailles\/218222-delices-casteloir.html\">D\u00e9lices et Casteloir<\/a> ) : 1\u20ac20 (les sirops restent \u00e0 1\u20ac)<\/p>\n\n\n\n<p>Limonade et Cola (<a href=\"https:\/\/laloere.fr\/\">la Lo\u00e8re<\/a>) : 1\u20ac50 les 25cl<br><\/p>\n\n\n\n<p>Jus de pommes (<a href=\"https:\/\/crocus-permaculture.wixsite.com\/crocus-permaculture\">Ecolieu Crocus<\/a>, Jupilles) : 1\u20ac20 les 20cl<br><\/p>\n\n\n\n<p>Jus de pommes-cassis et pommes-poires (<a href=\"https:\/\/www.vergersdubelair.com\/\">Les Vergers du Bel Air<\/a>) : 1\u20ac20 les 20cl<br><\/p>\n\n\n\n<p>Jus de pommes-carottes et pommes-betteraves (<a href=\"https:\/\/lecochonzebre.fr\/\">Le Cochon Z\u00e9br\u00e9<\/a>) : 1\u20ac70 les 12,5cl<br><\/p>\n\n\n\n<p>Bi\u00e8res \u00e0 la pression (<a href=\"https:\/\/brasserieduchevelu.wixsite.com\/brasserieduchevelu\">le Chevelu<\/a>) : 2\u20ac50 et en bouteille (<a href=\"https:\/\/www.bierejolicoeur.com\/\">Joli Coeur<\/a>) : 3\u20ac50<br><\/p>\n\n\n\n<p>Vins en cubis (<a href=\"https:\/\/laraderie.fr\/\">la Raderie<\/a> et <a href=\"https:\/\/www.jerome-delanoue-vigneron.com\/\">Delanoue<\/a>) : 1\u20ac20 les 10cl<br><\/p>\n\n\n\n<p>Vin bio en bouteille (<a href=\"https:\/\/www.maisonsrouges.com\/boutique\/\">Les Maison Rouge<\/a>) : 3\u20ac00 les 12,5cl, 19\u20ac00 la bouteille<br><\/p>\n\n\n\n<p>Vin bio en bouteille (<a href=\"https:\/\/lecochonzebre.fr\/\">Le Cochon Z\u00e9br\u00e9<\/a>) : 2\u20ac70 les 12,5cl, 16\u20ac00 la bouteille<\/p>\n\n\n\n<p>Vin bio p\u00e9tillant (<a href=\"https:\/\/www.montoray.fr\/\">Montoray<\/a>) : uniquement \u00e0 la bouteille, 19\u20ac00.<\/p>\n\n\n\n<p>Cidre bio (Hubert Paris \u00e0 Vanc\u00e9) : uniquement \u00e0 la bouteille, 5\u20ac00.<\/p>\n","protected":false},"excerpt":{"rendered":"<p>(page en construction) Caf\u00e9 (torr\u00e9fi\u00e9 par Denis de D\u00e9lices et Casteloir ) : 1\u20ac20 (les sirops restent \u00e0 1\u20ac) Limonade et Cola (la Lo\u00e8re) : 1\u20ac50 les 25cl Jus de pommes (Ecolieu Crocus, Jupilles) : 1\u20ac20 les 20cl Jus de pommes-cassis et pommes-poires (Les Vergers du Bel Air) : 1\u20ac20 les 20cl Jus de pommes-carottes &hellip; <\/p>\n<p class=\"link-more\"><a href=\"https:\/\/vlap.fr\/labrassviedejupilles\/nos-fournisseurs\/\" class=\"more-link\">Continuer la lecture<span class=\"screen-reader-text\"> de &laquo;&nbsp;Nos Fournisseurs&nbsp;&raquo;<\/span><\/a><\/p>\n","protected":false},"author":1,"featured_media":0,"parent":0,"menu_order":0,"comment_status":"closed","ping_status":"closed","template":"","meta":{"footnotes":""},"class_list":["post-2150","page","type-page","status-publish","hentry"],"_links":{"self":[{"href":"https:\/\/vlap.fr\/labrassviedejupilles\/wp-json\/wp\/v2\/pages\/2150","targetHints":{"allow":["GET"]}}],"collection":[{"href":"https:\/\/vlap.fr\/labrassviedejupilles\/wp-json\/wp\/v2\/pages"}],"about":[{"href":"https:\/\/vlap.fr\/labrassviedejupilles\/wp-json\/wp\/v2\/types\/page"}],"author":[{"embeddable":true,"href":"https:\/\/vlap.fr\/labrassviedejupilles\/wp-json\/wp\/v2\/users\/1"}],"replies":[{"embeddable":true,"href":"https:\/\/vlap.fr\/labrassviedejupilles\/wp-json\/wp\/v2\/comments?post=2150"}],"version-history":[{"count":1,"href":"https:\/\/vlap.fr\/labrassviedejupilles\/wp-json\/wp\/v2\/pages\/2150\/revisions"}],"predecessor-version":[{"id":2151,"href":"https:\/\/vlap.fr\/labrassviedejupilles\/wp-json\/wp\/v2\/pages\/2150\/revisions\/2151"}],"wp:attachment":[{"href":"https:\/\/vlap.fr\/labrassviedejupilles\/wp-json\/wp\/v2\/media?parent=2150"}],"curies":[{"name":"wp","href":"https:\/\/api.w.org\/{rel}","templated":true}]}}