{"id":1931,"date":"2023-10-27T16:37:52","date_gmt":"2023-10-27T16:37:52","guid":{"rendered":"https:\/\/vlap.fr\/labrassviedejupilles\/?page_id=1931"},"modified":"2024-10-21T12:51:32","modified_gmt":"2024-10-21T12:51:32","slug":"week-end-a-taime","status":"publish","type":"page","link":"https:\/\/vlap.fr\/labrassviedejupilles\/week-end-a-taime\/","title":{"rendered":"Week end \u00e0 t&rsquo;aime"},"content":{"rendered":"\n<h2 class=\"wp-block-heading\"><style type=\"text\/css\">p { margin-bottom: 0.25cm; line-height: 115%; background: transparent <\/style><\/h2>\n\n\n\n<h2 class=\"wp-block-heading\">Fiesta de toda la vida al Saint Jacques (16-17 novembre 2024)<\/h2>\n\n\n\n<p>Bonjour chers adh\u00e9rents et sympathisants de la Brassvie et de Cuerda Rota !<\/p>\n\n\n\n<p>Avec l&rsquo;association Cuerda Rota, nous proposons avec quelques b\u00e9n\u00e9voles, d&rsquo;oeuvrer pour tenter de mettre en place un we \u00e0 th\u00e8mes&#8230; \u00ab\u00a0\u00e0 t&rsquo;aime\u00a0\u00bb, au St Jacques pour participer avec nos petits moyens humains \u00e0 la vie de ce lieu qu&rsquo;est la Brassvie, sous une forme festive o\u00f9 nous esp\u00e9rons des rencontres, des \u00e9changes et autres joies de la vie pour cette occasion !<\/p>\n\n\n\n<p>(Le th\u00e8me \u00e9tant relatif \u00e0 la langue espagnole et les cultures hispanophones)<\/p>\n\n\n\n<p>Je vous invite \u00e0 vous adresser \u00e0 la brass&rsquo;vie si vous avez envie de participer.<\/p>\n\n\n\n<ul class=\"wp-block-list\">\n<li>Pour le moment, il a \u00e9t\u00e9 propos\u00e9 un atelier go\u00fbter-lecture musicale (albums jeunesse en espagnol ou sur les pays et les cultures hispanophones) pour les enfants, assur\u00e9 le samedi 16 novembre \u00e0 16h, \u00e0 l&rsquo;\u00e9tage ou au 2\u00e8me ? Avec Uma \u00e0 la lecture et H\u00e9lianthe aux paysages sonores.\u00a0 On cherche qui pour s&rsquo;occuper du go\u00fbter.<\/li>\n<\/ul>\n\n\n\n<ul class=\"wp-block-list\">\n<li>Un ap\u00e9ro-langue avec \u00e9changes en espagnol est propos\u00e9 par Odile \u00e0 partir de 18h. Des tapas sont pr\u00e9vus par l&rsquo;\u00e9quipe cuisine (proposition de tapas : tortilla de patatas (omelette espagnole, boquerones (anchois marin\u00e9s), cepas \u00e0 la Rillette du Mans, y \u00e0 la Bouine Sarthoise (champignons bourr\u00e9s de Rillettes ou de Bouine&#8230; Miam !) &#8230; Autres propositions de tapas bienvenues !!!!!<\/li>\n<\/ul>\n\n\n\n<ul class=\"wp-block-list\">\n<li>Vers 19h, des lectures publiques de po\u00e8mes relatifs au th\u00e8me ou en langue espagnole, dans le bar (sc\u00e8ne am\u00e9nag\u00e9e pour l&rsquo;occasion). Qui veut d\u00e9clamer, lire ou sugg\u00e9rer des lectures est bienvenu ! On peut aussi profiter de ce moment pour pr\u00e9senter des \u0153uvres de tout type relatif \u00e0 la po\u00e9sie, \u00e0 la langue espagnole ou sur le th\u00e8me de la soir\u00e9e (films, \u00e9v\u00e8nements, \u0153uvres plastiques&#8230;)<\/li>\n<\/ul>\n\n\n\n<ul class=\"wp-block-list\">\n<li>20h, possibilit\u00e9 de manger de la paella. Actuellement, un camarade \u00e9tudie un plan paella&#8230; <strong>Nous avons besoin de savoir pour combien de personnes il faut l&rsquo;envisager. Et si au niveau orga pour l&rsquo;\u00e9quipe cuisine, il faut envisager un syst\u00e8me de r\u00e9servation.<\/strong>&nbsp;La paella serait d\u00e9j\u00e0 pr\u00eate pour \u00eatre r\u00e9chauff\u00e9e \u00e0 la Brassvie. Si quelqu&rsquo;un sait faire la paella et d\u00e9sir s&rsquo;engager sur ce sujet, bienvenu ! <strong>Le repas et une boisson seront offerts \u00e0 tous les b\u00e9n\u00e9voles engag\u00e9s sur la mise en place du we<\/strong><\/li>\n<\/ul>\n\n\n\n<ul class=\"wp-block-list\">\n<li>Une fois le repas en route, soir\u00e9e sc\u00e8ne ouverte sur le th\u00e8me (sc\u00e8ne ouverte d&rsquo;une heure et demie maximum) Artistes en tout genre et de tout horizon, quel que soit la discipline, souhaitant pr\u00e9senter des formats courts allant de 3 \u00e0 15 minutes, n&rsquo;h\u00e9sitez pas \u00e0 revenir vers Charlotte pour envisager ensemble, un d\u00e9roulement de ce temps de sc\u00e8ne ouverte. Bienvenu !!!!<\/li>\n<\/ul>\n\n\n\n<p>Une \u00e9quipe logistique\/service en salle (mat\u00e9riel \u00e0 bouger, transport de grosses \u0153uvres, service \u00e9ventuel pendant la soir\u00e9e&#8230;) est constitu\u00e9e&nbsp;<\/p>\n\n\n\n<p>R\u00e9f\u00e9rent : Sylvain<\/p>\n\n\n\n<p>Une \u00e9quipe cuisine (tapas, paella, sangria et autres mets d&rsquo;Espagne ou d&rsquo;Am\u00e9rique Latine) : R\u00e9f\u00e9rent : Emmanuel (\u00e0 confirmer ?)<\/p>\n\n\n\n<p>Si vous avez des \u00e9quipes, des r\u00e9f\u00e9rents \u00e0 proposer dans ce cadre, bienvenu aux propositions \u00e0 venir !<\/p>\n\n\n\n<p><strong>Pour \u00e9laborer tout cela de vive voix et ENSEMBLE, quelques dates de rdv :&nbsp;<\/strong><\/p>\n\n\n\n<ul class=\"wp-block-list\">\n<li>samedi 5 octobre, je serai au bar de 18h30 \u00e0 20h<\/li>\n\n\n\n<li>samedi 19 octobre, au bar, de 15h \u00e0 je ne sais pas quand. Le temps qu&rsquo;il nous faille pour \u00e9laborer un plan de mise en place.&nbsp;<\/li>\n\n\n\n<li>2\u00e8me semaine des vacances, dates \u00e0 d\u00e9terminer ensemble pour faire quelques r\u00e9p\u00e9titions pour tous ceux qui ont envie de chanter en espagnol en ch\u0153ur, un mini r\u00e9pertoire qu&rsquo;il vous sera propos\u00e9 et qui pourra \u00eatre compl\u00e9t\u00e9. <strong>Toute personne d\u00e9sireuse de chanter m\u00eame sans conna\u00eetre la langue peut participer !<\/strong> (Mini r\u00e9pertoire de 8 chansons maximum qui pourrait se pr\u00e9senter \u00e0 la fin de la sc\u00e8ne ouverte pour inviter tout le monde \u00e0 chanter et \u00e0 impulser l&rsquo;improvisation g\u00e9n\u00e9ralis\u00e9e !). Charlotte \u00e0 l&rsquo;accompagnement piano ou guitare ou percu et<strong>&nbsp;toute autre musicien d\u00e9sireux d&rsquo;accompagner et enrichir ce r\u00e9pertoire<\/strong>&nbsp;(grille d&rsquo;accord \u00e0 pr\u00e9parer pour se les partager).<\/li>\n<\/ul>\n\n\n\n<p>Merci de votre attention !&nbsp;<\/p>\n\n\n\n<p>Si vous avez connaissance de personnes pouvant \u00eatre int\u00e9ress\u00e9es par ce projet de Fiesta, n&rsquo;h\u00e9sitez pas \u00e0 leur en parler pour nous rejoindre dans cette aventure !<\/p>\n\n\n\n<p>Bon courage pour tous vos ouvrages en cours et encore un grand merci \u00e0 la Brassvie pour son accueil et son partage ! C&rsquo;est une v\u00e9ritable p\u00e9pite !<\/p>\n\n\n\n<p>A bient\u00f4t !<\/p>\n\n\n\n<p>Charlotte&nbsp;<\/p>\n\n\n\n<p>(t\u00e9l\u00e9phone disponible sur demande)<\/p>\n\n\n\n<h2 class=\"wp-block-heading\">kezako<\/h2>\n\n\n\n<div class=\"wp-block-group\"><div class=\"wp-block-group__inner-container is-layout-constrained wp-block-group-is-layout-constrained\">\n<p>Cher(e)s adh\u00e9rent(e)s, La Brass\u2019vie nous appartient \u00e0 chacun. C\u2019est une des raisons de son existence.<\/p>\n\n\n\n<p>Choisissez de vous en emparer le temps d\u2019un Week-end et chargez vous de son organisation. <br>R\u00e9servez en un, du vendredi soir au dimanche midi, au moins un mois \u00e0 l\u2019avance sur l\u2019agenda collectif de l\u2019association (brassvie@vlap.fr) ou en vous faisant conna\u00eetre lors des horaires d\u2019ouverture. Rassemblez vos forces vives, vos ami(e)s, vos id\u00e9es et pr\u00e9sentez votre projet.<\/p>\n\n\n\n<p>* Les heures d\u2019ouverture ainsi que les b\u00e9n\u00e9voles s\u2019en occupant (form\u00e9s sinon Brass\u2019vie se charge de leur formation). <\/p>\n\n\n\n<p>*Les activit\u00e9s propos\u00e9es. Elles doivent \u00eatre gratuites et ne pas emp\u00eacher le d\u00e9roulement des activit\u00e9s habituelles. <\/p>\n\n\n\n<p>*La restauration. Vous devez proposer l\u2019organisation d\u2019au moins un repas, suivant la formule de votre choix. <\/p>\n\n\n\n<p>*La programmation. M\u00eame si ce n\u2019est pas obligatoire, une activit\u00e9 culturelle (musique, th\u00e9\u00e2tre, chant, cin\u00e9ma\u2026) sera la bienvenue.<\/p>\n\n\n\n<p>Votre organisation \u00e9labor\u00e9e, pr\u00e9sentez la au moins quinze jours \u00e0 l\u2019avance, \u00e0 la direction coll\u00e9giale ou un de ses membres. Nous \u00e9tablirons ensemble sa communication et il sera annonc\u00e9 dans le mail du dimanche soir.<\/p>\n\n\n\n<p>Il est \u00e9vident que La Brass\u2019vie devra rester lieu de toutes et tous. Les r\u00e8gles habituelles devront \u00eatre respect\u00e9es.<\/p>\n\n\n\n<p>Les Week-end \u00e0 t\u2019aime, l\u2019occasion de faire vivre La Brass\u2019vie tout un Week-end, de vous impliquer, vous faire plaisir et en partager.<\/p>\n<\/div><\/div>\n","protected":false},"excerpt":{"rendered":"<p>Fiesta de toda la vida al Saint Jacques (16-17 novembre 2024) Bonjour chers adh\u00e9rents et sympathisants de la Brassvie et de Cuerda Rota ! Avec l&rsquo;association Cuerda Rota, nous proposons avec quelques b\u00e9n\u00e9voles, d&rsquo;oeuvrer pour tenter de mettre en place un we \u00e0 th\u00e8mes&#8230; \u00ab\u00a0\u00e0 t&rsquo;aime\u00a0\u00bb, au St Jacques pour participer avec nos petits moyens &hellip; <\/p>\n<p class=\"link-more\"><a href=\"https:\/\/vlap.fr\/labrassviedejupilles\/week-end-a-taime\/\" class=\"more-link\">Continuer la lecture<span class=\"screen-reader-text\"> de &laquo;&nbsp;Week end \u00e0 t&rsquo;aime&nbsp;&raquo;<\/span><\/a><\/p>\n","protected":false},"author":1,"featured_media":0,"parent":0,"menu_order":0,"comment_status":"closed","ping_status":"closed","template":"","meta":{"footnotes":""},"class_list":["post-1931","page","type-page","status-publish","hentry"],"_links":{"self":[{"href":"https:\/\/vlap.fr\/labrassviedejupilles\/wp-json\/wp\/v2\/pages\/1931","targetHints":{"allow":["GET"]}}],"collection":[{"href":"https:\/\/vlap.fr\/labrassviedejupilles\/wp-json\/wp\/v2\/pages"}],"about":[{"href":"https:\/\/vlap.fr\/labrassviedejupilles\/wp-json\/wp\/v2\/types\/page"}],"author":[{"embeddable":true,"href":"https:\/\/vlap.fr\/labrassviedejupilles\/wp-json\/wp\/v2\/users\/1"}],"replies":[{"embeddable":true,"href":"https:\/\/vlap.fr\/labrassviedejupilles\/wp-json\/wp\/v2\/comments?post=1931"}],"version-history":[{"count":5,"href":"https:\/\/vlap.fr\/labrassviedejupilles\/wp-json\/wp\/v2\/pages\/1931\/revisions"}],"predecessor-version":[{"id":2103,"href":"https:\/\/vlap.fr\/labrassviedejupilles\/wp-json\/wp\/v2\/pages\/1931\/revisions\/2103"}],"wp:attachment":[{"href":"https:\/\/vlap.fr\/labrassviedejupilles\/wp-json\/wp\/v2\/media?parent=1931"}],"curies":[{"name":"wp","href":"https:\/\/api.w.org\/{rel}","templated":true}]}}