{"id":1911,"date":"2023-10-07T07:06:57","date_gmt":"2023-10-07T07:06:57","guid":{"rendered":"https:\/\/vlap.fr\/labrassviedejupilles\/?page_id=1911"},"modified":"2024-08-29T14:11:54","modified_gmt":"2024-08-29T14:11:54","slug":"materiel-disponible","status":"publish","type":"page","link":"https:\/\/vlap.fr\/labrassviedejupilles\/materiel-disponible\/","title":{"rendered":"Mat\u00e9riel disponible"},"content":{"rendered":"\n<p>Liste du mat\u00e9riel de l&rsquo;association disponible pour l&rsquo;ensemble des adh\u00e9rent\u00b7es.<\/p>\n\n\n\n<p>Sciure pour toilettes s\u00e8ches : se servir au fond du jardin sous le dernier cabanon.<\/p>\n\n\n\n<p>Ordinateur : Des ordinateurs ont \u00e9t\u00e9 donn\u00e9s \u00e0 l&rsquo;association par Linux Maine et par L&rsquo;univerisit\u00e9 du Mans, avec comme condition de servir \u00e0 de l&rsquo;aide au devoir. La salle informatique de l&rsquo;\u00e9tage m\u00e9riterai d&rsquo;\u00eatre un peu arrang\u00e9.<\/p>\n\n\n\n<p>Imprimante : Au rez de chauss\u00e9 dans la salle du bar, accessible par wifi.<br>Prix co\u00fbtant indiqu\u00e9 sur l&rsquo;imprimante : <br>&#8211; 0\u20ac65 les 10 pages noir&amp;blanc recto sur papier d\u00e9j\u00e0 imprim\u00e9 de l&rsquo;autre c\u00f4t\u00e9 (brouillon)<br>&#8211; 0\u20ac90 les 10 pages noir&amp;blanc recto sur papier neuf<br>&#8211; 1\u20ac45 les 10 feuilles noir&amp;blanc recto verso.<br>&#8211; 2\u20ac50 les 10 pages couleur sur papier d\u00e9j\u00e0 imprim\u00e9 de l&rsquo;autre c\u00f4t\u00e9 (brouillon)<br>&#8211; 2\u20ac65 les 10 pages couleur recto sur papier neuf<br>&#8211; 5\u20ac15 les 10 feuilles couleur recto-verso<br>M\u00e9thode de calcul :<br>&#8211; page blanches neuve : 0\u20ac15 les 10 feuilles<br>&#8211; page blanche une face (brouillon de l&rsquo;autre c\u00f4t\u00e9) : gratuit (on a du stock)<br>&#8211; impression noir&amp;blanc : 0\u20ac065 la page (1400 pages \/ cartouche de 90\u20ac50)<br>&#8211; impression couleur : 0\u20ac25 la page (1300 pages \/ cartouche de 106\u20ac90 x 3 = 320\u20ac70)<br>&#8211; prix du pack 4 cartouches HP : 411\u20ac20<br><\/p>\n\n\n\n<p>Outils dans la grange : possibilit\u00e9 de les emprunter, puis de les ranger propres et en \u00e9tat.<\/p>\n\n\n\n<p>Outils de jardinage : possibilit\u00e9 de les utiliser pour entretenir le jardin.<\/p>\n","protected":false},"excerpt":{"rendered":"<p>Liste du mat\u00e9riel de l&rsquo;association disponible pour l&rsquo;ensemble des adh\u00e9rent\u00b7es. Sciure pour toilettes s\u00e8ches : se servir au fond du jardin sous le dernier cabanon. Ordinateur : Des ordinateurs ont \u00e9t\u00e9 donn\u00e9s \u00e0 l&rsquo;association par Linux Maine et par L&rsquo;univerisit\u00e9 du Mans, avec comme condition de servir \u00e0 de l&rsquo;aide au devoir. La salle informatique &hellip; <\/p>\n<p class=\"link-more\"><a href=\"https:\/\/vlap.fr\/labrassviedejupilles\/materiel-disponible\/\" class=\"more-link\">Continuer la lecture<span class=\"screen-reader-text\"> de &laquo;&nbsp;Mat\u00e9riel disponible&nbsp;&raquo;<\/span><\/a><\/p>\n","protected":false},"author":1,"featured_media":0,"parent":0,"menu_order":0,"comment_status":"closed","ping_status":"closed","template":"","meta":{"footnotes":""},"class_list":["post-1911","page","type-page","status-publish","hentry"],"_links":{"self":[{"href":"https:\/\/vlap.fr\/labrassviedejupilles\/wp-json\/wp\/v2\/pages\/1911","targetHints":{"allow":["GET"]}}],"collection":[{"href":"https:\/\/vlap.fr\/labrassviedejupilles\/wp-json\/wp\/v2\/pages"}],"about":[{"href":"https:\/\/vlap.fr\/labrassviedejupilles\/wp-json\/wp\/v2\/types\/page"}],"author":[{"embeddable":true,"href":"https:\/\/vlap.fr\/labrassviedejupilles\/wp-json\/wp\/v2\/users\/1"}],"replies":[{"embeddable":true,"href":"https:\/\/vlap.fr\/labrassviedejupilles\/wp-json\/wp\/v2\/comments?post=1911"}],"version-history":[{"count":7,"href":"https:\/\/vlap.fr\/labrassviedejupilles\/wp-json\/wp\/v2\/pages\/1911\/revisions"}],"predecessor-version":[{"id":2074,"href":"https:\/\/vlap.fr\/labrassviedejupilles\/wp-json\/wp\/v2\/pages\/1911\/revisions\/2074"}],"wp:attachment":[{"href":"https:\/\/vlap.fr\/labrassviedejupilles\/wp-json\/wp\/v2\/media?parent=1911"}],"curies":[{"name":"wp","href":"https:\/\/api.w.org\/{rel}","templated":true}]}}