{"id":1908,"date":"2023-10-07T07:02:30","date_gmt":"2023-10-07T07:02:30","guid":{"rendered":"https:\/\/vlap.fr\/labrassviedejupilles\/?page_id=1908"},"modified":"2025-07-28T06:25:17","modified_gmt":"2025-07-28T06:25:17","slug":"cercle-spectacles","status":"publish","type":"page","link":"https:\/\/vlap.fr\/labrassviedejupilles\/cercle-spectacles\/","title":{"rendered":"Cercle Spectacles"},"content":{"rendered":"\n<p>Affiches et programmation <a href=\"https:\/\/vlap.fr\/labrassviedejupilles\/spectacles-concerts\/\">sur cette page<\/a>.<\/p>\n\n\n\n<hr class=\"wp-block-separator aligncenter has-alpha-channel-opacity is-style-wide\"\/>\n\n\n\n<p>Le cercle spectacles est anim\u00e9 par une \u00e9quipe de gentils b\u00e9n\u00e9voles. Ils font leur possible pour \u00e9couter\/regarder sereinement les nombreuses propositions qui nous sont faites. Merci de ne pas prendre ombrage d&rsquo;une r\u00e9ponse qui tarde \u00e0 venir.<\/p>\n\n\n\n<h6 class=\"wp-block-heading\" style=\"line-height:2\"><em><u><strong>Principe Global<\/strong><\/u><\/em><\/h6>\n\n\n\n<ol class=\"wp-block-list\">\n<li style=\"font-size:15px\">La Brass\u2019vie a d\u00e9cid\u00e9 collectivement de ne plus payer d\u2019artistes sans les d\u00e9clarer (assimilable \u00e0 du \u00ab travail au noir&nbsp;\u00bb). Nous n\u2019organisons donc plus aucun \u00e9v\u00e9nement o\u00f9 un \u00ab&nbsp;chapeau&nbsp;\u00bb va directement aux artistes. Compte tenu des demandes explicites de plusieurs artistes et de l&rsquo;usage fr\u00e9quent de cette fa\u00e7on de faire dans les autres lieux culturels de Sarthe et de France, ceci est actuellement remis en cause par plusieurs b\u00e9n\u00e9voles, mais pas par d&rsquo;autres, alors <em>statu quo<\/em>&#8230;<\/li>\n<\/ol>\n\n\n\n<ol start=\"2\" class=\"wp-block-list\">\n<li style=\"font-size:15px\">Nous proposons au public une bo\u00eete \u00e0 dons qui permet de financer la r\u00e9mun\u00e9ration des artistes.<\/li>\n<\/ol>\n\n\n\n<ol start=\"3\" class=\"wp-block-list\">\n<li style=\"font-size:15px\">En tant qu\u2019employeur, la Brass\u2019vie est inscrite au GUSO&nbsp;: elle peut y faire appel 12 fois par an. (Nous n\u2019avons pas de licence d\u2019entrepreneur du spectacle mais deux num\u00e9ros de Siret.)<\/li>\n<\/ol>\n\n\n\n<ol start=\"4\" class=\"wp-block-list\">\n<li style=\"font-size:15px\">Les artistes peuvent aussi faire appel \u00e0 une autre association qui nous adresse alors une facture.<\/li>\n<\/ol>\n\n\n\n<ol start=\"5\" class=\"wp-block-list\">\n<li style=\"font-size:15px\">Les artistes intermittents du spectacle n\u2019ont pas le droit de se produire b\u00e9n\u00e9volement.<\/li>\n<\/ol>\n\n\n\n<ol start=\"6\" class=\"wp-block-list\">\n<li style=\"font-size:15px\">Des b\u00e9n\u00e9voles peuvent tr\u00e8s bien se produire, avant les sc\u00e8nes ouvertes ou m\u00eame n\u2019importe quand.<\/li>\n<\/ol>\n\n\n\n<h6 class=\"wp-block-heading\" style=\"line-height:2\"><em><u><strong>Pour les GUSOs<\/strong><\/u><\/em><\/h6>\n\n\n\n<ol start=\"7\" class=\"wp-block-list\">\n<li style=\"font-size:15px\">Nous pouvons faire appel au GIP-Caf\u00e9 Culture pour nous faire rembourser une partie des frais.<\/li>\n<\/ol>\n\n\n\n<ol class=\"wp-block-list\">\n<li><\/li>\n<\/ol>\n\n\n\n<ol start=\"8\" class=\"wp-block-list\">\n<li style=\"font-size:15px\">Le <strong>montant brut minimum<\/strong> pour avoir droit au GIP est de <strong>119,01\u20ac<\/strong> par artiste (au 21\/11\/2024).<\/li>\n<\/ol>\n\n\n\n<ol start=\"9\" class=\"wp-block-list\">\n<li style=\"font-size:15px\">Les artistes peuvent demander plus, notamment pour ne pas voir leur allocation diminuer. On peut argumenter \u00ab&nbsp;solidarit\u00e9&nbsp;\u00bb, dire \u00ab&nbsp;c\u2019est comme \u00e7a&nbsp;\u00bb, ou n\u00e9gocier un peu plus (en 2022, on est mont\u00e9 deux fois jusqu\u2019\u00e0 150\u20ac brut, pour 4 artistes au total).<\/li>\n<\/ol>\n\n\n\n<ol start=\"10\" class=\"wp-block-list\">\n<li style=\"font-size:15px\">Sans le GIP, nous ne pouvons pas nous permettre plus de 2 artistes r\u00e9mun\u00e9r\u00e9s par groupe (on paye ~360\u20ac). Avec le GIP on peut aller jusqu\u2019\u00e0 4, cela ne nous co\u00fbte pas beaucoup plus cher apr\u00e8s remboursement (on paye ~370\u20ac).<\/li>\n<\/ol>\n\n\n\n<ol start=\"11\" class=\"wp-block-list\">\n<li style=\"font-size:15px\">Le GIP a une enveloppe globale par semestre. Et comme on ne peut pas demander au GIP plus d\u2019un mois avant le spectacle, il faut se concentrer sur avant mai, puis ao\u00fbt-septembre. Apr\u00e8s, ils n\u2019ont plus rien.<\/li>\n<\/ol>\n\n\n\n<ol start=\"12\" class=\"wp-block-list\">\n<li style=\"font-size:15px\">Codes <strong>guso.fr<\/strong> et <strong>gipcafescultures.fr<\/strong> identiques&nbsp;: 5408*******<\/li>\n<\/ol>\n\n\n\n<ol start=\"13\" class=\"wp-block-list\">\n<li style=\"font-size:15px\">Avant tout spectacle via le GUSO, il faut remplir une <em>d\u00e9claration pr\u00e9alable \u00e0 l\u2019embauche<\/em> avec les noms \/ pr\u00e9noms \/ date de naissance \/ lieu de naissance \/ N\u00b0 de s\u00e9curit\u00e9 sociale des artistes.<\/li>\n<\/ol>\n\n\n\n<ol start=\"14\" class=\"wp-block-list\">\n<li style=\"font-size:15px\">Le jour du spectacle, il faut saisir une <em>d\u00e9claration DUS&nbsp;<\/em>: c&rsquo;est plus simple avec le num\u00e9ro de GUSO de l\u2019artiste. Le c<em>ong\u00e9 spectacle<\/em> d\u00e9pend de l\u2019artiste et le <em>motif de fin de contrat<\/em> est \u00ab&nbsp;fin de CDD&nbsp;\u00bb. Bien faire relire \u00e0 l\u2019artiste avant d\u2019imprimer.<\/li>\n<\/ol>\n\n\n\n<ol start=\"15\" class=\"wp-block-list\">\n<li style=\"font-size:15px\">Payer \u00e0 l\u2019artiste le <strong>montant NET<\/strong>&nbsp;: voir avec Nastasia, par ch\u00e8que, esp\u00e8ces ou virement.<\/li>\n<\/ol>\n\n\n\n<ol start=\"16\" class=\"wp-block-list\">\n<li style=\"font-size:15px\">Enfin : valider le payement des charges sur le site (le m\u00eame que pour la d\u00e9claration, virement sur ordre) et envoyer un mail \u00e0 l&rsquo;asso pour archive comptabilit\u00e9.<\/li>\n<\/ol>\n\n\n\n<h6 class=\"wp-block-heading\" style=\"line-height:2\"><em><u><strong>Pour un spectacle via une autre association<\/strong><\/u><\/em><\/h6>\n\n\n\n<ol start=\"17\" class=\"wp-block-list\">\n<li style=\"font-size:15px\">C\u2019est l\u2019autre association qui fait la d\u00e9claration GUSO, ou autre si elle a une licence.<\/li>\n<\/ol>\n\n\n\n<ol start=\"18\" class=\"wp-block-list\">\n<li style=\"font-size:15px\">Elle nous adresse une facture.<\/li>\n<\/ol>\n\n\n\n<ol start=\"19\" class=\"wp-block-list\">\n<li style=\"font-size:15px\">Attention, l\u00e0 nous n\u2019avons pas le droit au remboursement par le GIP. Et l\u2019autre association doit par contre payer ses charges. Donc, en g\u00e9n\u00e9ral, cela revient au final plus cher.<\/li>\n<\/ol>\n\n\n\n<ol start=\"20\" class=\"wp-block-list\">\n<li style=\"font-size:15px\">Dans certaines conditions, il est possible de baisser les prix. \u00c0 discuter avec les artistes&nbsp;: 300\u20ac, c\u2019est vraiment le grand maximum, seulement \u00e0 l\u2019occasion d\u2019un \u00e9v\u00e9nement o\u00f9 l\u2019on est certain qu\u2019il y aura du monde dans le public. 150\u20ac, c\u2019est dur de faire moins, m\u00eame pour un artiste seul. L\u00e0 du coup, on ne peut pas se permettre plus de deux artistes.<\/li>\n<\/ol>\n\n\n\n<ol start=\"21\" class=\"wp-block-list\">\n<li><\/li>\n<\/ol>\n\n\n\n<ol start=\"21\" class=\"wp-block-list\">\n<li style=\"font-size:15px\">Attention \u00e0 se mettre d\u2019accord par \u00e9crit \u00e0 l\u2019avance, et pas seulement avec l\u2019artiste mais aussi avec l\u2019association qui fera la facture. On a d\u00e9j\u00e0 eu des surprises, les artistes ne sont pas toujours bien au courant de ce que co\u00fbtent les charges.<\/li>\n<\/ol>\n\n\n\n<h6 class=\"wp-block-heading\" style=\"line-height:2\"><em><u><strong>Pour le choix des groupes<\/strong><\/u><\/em><\/h6>\n\n\n\n<ol start=\"22\" class=\"wp-block-list\">\n<li style=\"font-size:15px\">Pas de batterie de pr\u00e9f\u00e9rence, car c\u2019est trop puissant pour le lieu (ou alors en apr\u00e8s-midi ou t\u00f4t dans la soir\u00e9e, et sans avoir besoin de pousser les amplis des autres instruments). D\u00e9cision peut-\u00eatre \u00e0 revoir avec notre nouvelle vitrine double vitrage.<\/li>\n<\/ol>\n\n\n\n<ol start=\"23\" class=\"wp-block-list\">\n<li style=\"font-size:15px\">Pas de r\u00e9pertoire Sacem (reprises, artistes soci\u00e9taires Sacem&#8230;). Ou alors d\u00e9claration et donc frais en plus.<\/li>\n<\/ol>\n\n\n\n<ol start=\"24\" class=\"wp-block-list\">\n<li style=\"font-size:15px\">Pas d\u2019autre r\u00e8gle, sinon d\u2019\u00eatre diversifi\u00e9&nbsp;: musique (diff\u00e9rents styles) \/ conte \/ th\u00e9\u00e2tre \/ marionnettes&#8230;<\/li>\n<\/ol>\n\n\n\n<ol start=\"25\" class=\"wp-block-list\">\n<li style=\"font-size:15px\">Penser \u00e0 l\u2019anniversaire de l\u2019asso \/ f\u00eate de la musique&nbsp;: tout b\u00e9n\u00e9vole ou r\u00e9mun\u00e9ration artistes&nbsp;?<\/li>\n<\/ol>\n\n\n\n<h6 class=\"wp-block-heading\" style=\"line-height:2\"><em><u><strong>Pour tous les spectacles, organisation du jour J<\/strong><\/u><\/em><\/h6>\n\n\n\n<ol start=\"26\" class=\"wp-block-list\">\n<li style=\"font-size:15px\">Annoncer en ligne sur les agendas d\u00e8s que possible.<\/li>\n<\/ol>\n\n\n\n<ol start=\"27\" class=\"wp-block-list\">\n<li style=\"font-size:15px\">Ne pas organiser de spectacle moins de deux semaines \u00e0 l\u2019avance&nbsp;: on veut l\u2019annoncer dans le mail du dimanche soir de la semaine pr\u00e9c\u00e9dente.<\/li>\n<\/ol>\n\n\n\n<ol start=\"28\" class=\"wp-block-list\">\n<li style=\"font-size:15px\">Accueil des artistes&nbsp;: arriver au minimum deux heures avant le spectacle ; assurer l&rsquo;accueil technique : alimentation \u00e9lectrique, installation sono et lumi\u00e8res, balances ; ranger les tables et chaises, accueillir le public qui viendrait en avance, etc. <\/li>\n<\/ol>\n\n\n\n<ol start=\"29\" class=\"wp-block-list\">\n<li style=\"font-size:15px\">Les loges sont au premier 1\/2 \u00e9tage, en face de la salle d\u2019eau\/magasin gratuit enfants (si besoin de la douche, pr\u00e9voir en avance). Pr\u00e9parer un en-cas si possible.<\/li>\n<\/ol>\n\n\n\n<ol start=\"30\" class=\"wp-block-list\">\n<li style=\"font-size:15px\">Repas : pr\u00e9voir un repas par personne (avec plat chaud) en tenant compte des r\u00e9gimes sp\u00e9cifiques (v\u00e9g\u00e9, vegan, allergies, etc.) et anticiper le moment du repas (avant ou apr\u00e8s le spectacle, selon la demande).<\/li>\n<\/ol>\n\n\n\n<ol start=\"31\" class=\"wp-block-list\">\n<li style=\"font-size:15px\">H\u00e9bergement : pr\u00e9voir le sommeil des artistes&nbsp;(chez N ou chez J ou&#8230;) et le petit d\u00e9jeuner.<\/li>\n<\/ol>\n\n\n\n<ol start=\"32\" class=\"wp-block-list\">\n<li style=\"font-size:15px\">Les artistes de passage b\u00e9n\u00e9ficient d&rsquo;une adh\u00e9sion gratuite pour un jour. On le note dans le cahier d\u2019adh\u00e9sion, ils peuvent boire de l\u2019alcool&nbsp;: on peut leur offrir un ou deux verres.<\/li>\n<\/ol>\n\n\n\n<ol start=\"33\" class=\"wp-block-list\">\n<li style=\"font-size:15px\">Hors f\u00eate de la musique, pas de concert le soir dans le jardin (voisin boulanger). Dans le bar, fermer les rideaux et les portes apr\u00e8s 22h.<\/li>\n<\/ol>\n\n\n\n<hr class=\"wp-block-separator aligncenter has-alpha-channel-opacity is-style-wide\"\/>\n\n\n\n<ol start=\"34\" class=\"wp-block-list\">\n<li><\/li>\n<\/ol>\n","protected":false},"excerpt":{"rendered":"<p>Affiches et programmation sur cette page. Le cercle spectacles est anim\u00e9 par une \u00e9quipe de gentils b\u00e9n\u00e9voles. Ils font leur possible pour \u00e9couter\/regarder sereinement les nombreuses propositions qui nous sont faites. Merci de ne pas prendre ombrage d&rsquo;une r\u00e9ponse qui tarde \u00e0 venir. Principe Global Pour les GUSOs Pour un spectacle via une autre association &hellip; <\/p>\n<p class=\"link-more\"><a href=\"https:\/\/vlap.fr\/labrassviedejupilles\/cercle-spectacles\/\" class=\"more-link\">Continuer la lecture<span class=\"screen-reader-text\"> de &laquo;&nbsp;Cercle Spectacles&nbsp;&raquo;<\/span><\/a><\/p>\n","protected":false},"author":1,"featured_media":0,"parent":0,"menu_order":0,"comment_status":"closed","ping_status":"closed","template":"","meta":{"footnotes":""},"class_list":["post-1908","page","type-page","status-publish","hentry"],"_links":{"self":[{"href":"https:\/\/vlap.fr\/labrassviedejupilles\/wp-json\/wp\/v2\/pages\/1908","targetHints":{"allow":["GET"]}}],"collection":[{"href":"https:\/\/vlap.fr\/labrassviedejupilles\/wp-json\/wp\/v2\/pages"}],"about":[{"href":"https:\/\/vlap.fr\/labrassviedejupilles\/wp-json\/wp\/v2\/types\/page"}],"author":[{"embeddable":true,"href":"https:\/\/vlap.fr\/labrassviedejupilles\/wp-json\/wp\/v2\/users\/1"}],"replies":[{"embeddable":true,"href":"https:\/\/vlap.fr\/labrassviedejupilles\/wp-json\/wp\/v2\/comments?post=1908"}],"version-history":[{"count":28,"href":"https:\/\/vlap.fr\/labrassviedejupilles\/wp-json\/wp\/v2\/pages\/1908\/revisions"}],"predecessor-version":[{"id":2796,"href":"https:\/\/vlap.fr\/labrassviedejupilles\/wp-json\/wp\/v2\/pages\/1908\/revisions\/2796"}],"wp:attachment":[{"href":"https:\/\/vlap.fr\/labrassviedejupilles\/wp-json\/wp\/v2\/media?parent=1908"}],"curies":[{"name":"wp","href":"https:\/\/api.w.org\/{rel}","templated":true}]}}