{"id":1671,"date":"2023-02-16T10:29:43","date_gmt":"2023-02-16T10:29:43","guid":{"rendered":"https:\/\/vlap.fr\/labrassviedejupilles\/?page_id=1671"},"modified":"2025-07-13T16:55:43","modified_gmt":"2025-07-13T16:55:43","slug":"ateliers-et-activites","status":"publish","type":"page","link":"https:\/\/vlap.fr\/labrassviedejupilles\/ateliers-et-activites\/","title":{"rendered":"Ateliers et activit\u00e9s"},"content":{"rendered":"\n<h2 class=\"wp-block-heading\">R\u00e8gles et usages<\/h2>\n\n\n\n<p>&#8211; Toute personne adh\u00e9rente peut proposer un atelier de son choix \u00e0 partir du moment o\u00f9 <strong><em>l&rsquo;entr\u00e9e est libre et gratuite<\/em><\/strong> et o\u00f9 celui-ci est conforme aux <a href=\"https:\/\/vlap.fr\/labrassviedejupilles\/finances\/\">statuts et au r\u00e8glement int\u00e9rieur<\/a> de l&rsquo;association.<\/p>\n\n\n\n<p>&#8211; L&rsquo;<a href=\"https:\/\/vlap.fr\/labrassviedejupilles\/agendaCollectif\/public\/\" data-type=\"URL\" data-id=\"https:\/\/vlap.fr\/labrassviedejupilles\/agendaCollectif\/public\/\">agenda collectif<\/a> permet de choisir une date disponible et d&rsquo;y inscrire son atelier. Il est bien s\u00fbr aussi possible d&rsquo;envoyer un mail (pas <em>gmail<\/em>, l&rsquo;autre) pour s&rsquo;assurer que l&rsquo;information est bien pass\u00e9e et qu&rsquo;elle sera publi\u00e9e dans l&rsquo;agenda du dimanche soir.<\/p>\n\n\n\n<p>&#8211; Une imprimante est disponible, une cl\u00e9 usb avec un fichier pdf suffit. Les affiches peuvent \u00eatres mises en vitrine ou \u00e0 l&rsquo;int\u00e9rieur du lieu.<\/p>\n\n\n\n<p>&#8211; Si c&rsquo;est la premi\u00e8re fois ou bien que la personne organisatrice ne souhaite pas ouvrir le lieu seule, cela n\u00e9cessitera qu&rsquo;un ou une b\u00e9n\u00e9vole se rende disponible pour l&rsquo;accompagner : se rendre sur le lieu pour en discuter, ou \u00e0 d\u00e9faut demander par mail.<\/p>\n\n\n\n<p>&#8211; Le service bar ne peut \u00eatre ouvert que par une personne ayant suivi la formation b\u00e9n\u00e9vole. Il existe si besoin un panneau \u00e0 disposition sur lequel est \u00e9crit : \u00ab\u00a0<em>atelier en cours, mais service bar ferm\u00e9 en attente d&rsquo;un\u00b7e b\u00e9n\u00e9vole form\u00e9\u00b7e<\/em>\u00ab\u00a0.<\/p>\n\n\n\n<p>&#8211; Les membres de la direction coll\u00e9giale veillent \u00e0 ce que les ateliers propos\u00e9s respectent les statuts et r\u00e8glement.<\/p>\n\n\n\n<p>&#8211; Si besoin, l&rsquo;association peut participer \u00e0 des frais de d\u00e9placement ou de mat\u00e9riel. Cela est \u00e0 discuter avec les membres de la direction coll\u00e9giale.<\/p>\n\n\n\n<p>&#8211; Le lieu doit \u00eatre rendu rang\u00e9 et propre : autant les tables du bar que les tapis de l&rsquo;\u00e9tage.<\/p>\n\n\n\n<p>Jurisprudence de l&rsquo;association concernant le \u00ab\u00a0<em>soin<\/em>\u00a0\u00bb : Nous ne permettons pas d&rsquo;atelier  pratiquant une manipulation du corps d&rsquo;autrui ou\/et de port\u00e9e m\u00e9dicale. Ce dernier mot ayant une signification diff\u00e9rente pour chacun et chacune, nous discutons et statuons coll\u00e9gialement si besoin.<\/p>\n\n\n\n<p>Jurisprudence de l&rsquo;association concernant la \u00ab\u00a0<em>politique<\/em>\u00a0\u00bb : Nous organisons r\u00e9guli\u00e8rement des <em>caf\u00e9s citoyens<\/em> o\u00f9 l&rsquo;actualit\u00e9 politique est discut\u00e9e de fa\u00e7on cadr\u00e9e et o\u00f9 la parole circule de fa\u00e7on \u00e0 favoriser les personnes de la salle qui ne l&rsquo;ont pas encore prise. Il est possible de proposer un sujet pour un prochain <em>caf\u00e9 citoyen<\/em>.<\/p>\n\n\n\n<p>Jurisprudence de l&rsquo;association concernant les organisations ou personnes ext\u00e9rieures au lieu : Le lieu ne peut \u00eatre ni lou\u00e9, ni privatis\u00e9. Pour autant, les salles de l&rsquo;\u00e9tage peuvent \u00eatre utilis\u00e9es gratuitement pour des rencontres ou des r\u00e9unions \u00e0 condition qu&rsquo;un ou une b\u00e9n\u00e9vole de l&rsquo;association puisse \u00eatre pr\u00e9sente dans le lieu. Nous pouvons accueillir des \u00e9v\u00e9nements ou r\u00e9union publiques sur d\u00e9cision de la direction coll\u00e9giale et organis\u00e9s de fa\u00e7on conjointe ou non avec elle.<\/p>\n\n\n\n<h2 class=\"wp-block-heading\">Les activit\u00e9s r\u00e9guli\u00e8res (ou pass\u00e9es)<\/h2>\n\n\n\n<figure class=\"wp-block-table aligncenter is-style-regular\"><table class=\"has-fixed-layout\"><tbody><tr><td class=\"has-text-align-center\" data-align=\"center\"><strong>L\u00e2chage vocal<\/strong><br>Chaque jeudi soir hors vacances scolaires<\/td><td class=\"has-text-align-center\" data-align=\"center\"><strong>Brouillon de sc\u00e8ne<\/strong><br>Chaque premier jeudi du mois. On pr\u00e9pare la sc\u00e8ne ouverte de la semaine suivante<\/td><td class=\"has-text-align-center\" data-align=\"center\"><strong>Sc\u00e8ne ouverte<\/strong><br>Chaque second vendredi du mois. Majoritairement musicale (<em>venez avec votre instrument !<\/em>) mais autres propositions bienvenues<\/td><\/tr><tr><td class=\"has-text-align-center\" data-align=\"center\"><strong>Expression des \u00e9motions<\/strong><br>et des frustrations. 4-7 ans et 8-12 ans. Les mercredis apr\u00e8s midi. Sur inscription (pass\u00e9)<\/td><td class=\"has-text-align-center\" data-align=\"center\"><strong>Jeux de cartes<\/strong><br> Chaque mercredi soir. Belote, tarot, rami et bridge. d\u00e9butants ou confirm\u00e9s. (pass\u00e9)<\/td><td class=\"has-text-align-center\" data-align=\"center\"><strong>Informatique<\/strong><br>Souvent les mardis soir, ou bien sur demande. D\u00e9butants ou confirm\u00e9s. <a href=\"https:\/\/vlap.fr\/labrassviedejupilles\/informatique\/\">Voir ici<\/a>.<\/td><\/tr><tr><td class=\"has-text-align-center\" data-align=\"center\"><strong>Dessin et pastel sec<\/strong><br>Chaque mercredi soir.<\/td><td class=\"has-text-align-center\" data-align=\"center\"><strong>Jeux \u00e0 r\u00e9fl\u00e9chir<\/strong><br>\u00c9checs, \u00e9nigmes math\u00e9matiques, collection <em>smartgames<\/em>. Souvent les samedis, ou bien sur demande. (pass\u00e9)<\/td><td class=\"has-text-align-center\" data-align=\"center\"><strong>Clown\u00b7es<\/strong><br>Les lundis ou mercredis, sur demande.<\/td><\/tr><tr><td class=\"has-text-align-center\" data-align=\"center\"><strong>Chant de femmes, <\/strong><br><strong>chants du monde<\/strong><br> (pass\u00e9)<\/td><td class=\"has-text-align-center\" data-align=\"center\"><strong>Jeux de soci\u00e9t\u00e9<\/strong><br>Les samedi apr\u00e8s midi. Entre adultes ou avec vos enfants ou ado.<\/td><td class=\"has-text-align-center\" data-align=\"center\"><strong>M\u00e9ditation<\/strong><br>Sur inscription les mardis et samedi<\/td><\/tr><tr><td class=\"has-text-align-center\" data-align=\"center\"><strong>Th\u00e9\u00e2tre \u00e0 texte<\/strong><br>19h le mardi tous les 15 jours.<\/td><td class=\"has-text-align-center\" data-align=\"center\"><strong>Rythme et chant.<\/strong><br> 18h le mardi tous les 15 jours. (pass\u00e9)<\/td><td class=\"has-text-align-center\" data-align=\"center\"><strong>Caf\u00e9 philo<\/strong><br>Chaque dimanche \u00e0 11h.<\/td><\/tr><tr><td class=\"has-text-align-center\" data-align=\"center\"><strong><strong>Brass&rsquo;Photos<\/strong><\/strong><br>2021 : \u00ab\u00a0<em>\u00c0 la d\u00e9couverte de nos barri\u00e8res<\/em>\u00ab\u00a0<br>2022 : \u00ab\u00a0<em>L&rsquo;Arbre<\/em>\u00ab\u00a0<\/td><td class=\"has-text-align-center\" data-align=\"center\"><strong>Brass&rsquo;Arts<\/strong><br><a href=\"https:\/\/vlap.fr\/labrassviedejupilles\/brassarts\/\">Voir ici<\/a><\/td><td class=\"has-text-align-center\" data-align=\"center\"><strong>Brass&rsquo;Expos<\/strong><br><a href=\"https:\/\/vlap.fr\/labrassviedejupilles\/expositions\/\">Voir ici<\/a><\/td><\/tr><tr><td class=\"has-text-align-center\" data-align=\"center\"><strong><strong>Th\u00e9\u00e2tre<\/strong><\/strong><br>Les samedis matin<\/td><td class=\"has-text-align-center\" data-align=\"center\"><strong><strong>Repair Caf\u00e9<\/strong><\/strong><br>Les mardis soir semaine paires<\/td><td class=\"has-text-align-center\" data-align=\"center\"><strong><strong>Jeux de soci\u00e9t\u00e9<\/strong><\/strong><br>Les mercredi apr\u00e8s midi<\/td><\/tr><\/tbody><\/table><\/figure>\n\n\n\n<p><\/p>\n","protected":false},"excerpt":{"rendered":"<p>R\u00e8gles et usages &#8211; Toute personne adh\u00e9rente peut proposer un atelier de son choix \u00e0 partir du moment o\u00f9 l&rsquo;entr\u00e9e est libre et gratuite et o\u00f9 celui-ci est conforme aux statuts et au r\u00e8glement int\u00e9rieur de l&rsquo;association. &#8211; L&rsquo;agenda collectif permet de choisir une date disponible et d&rsquo;y inscrire son atelier. Il est bien s\u00fbr &hellip; <\/p>\n<p class=\"link-more\"><a href=\"https:\/\/vlap.fr\/labrassviedejupilles\/ateliers-et-activites\/\" class=\"more-link\">Continuer la lecture<span class=\"screen-reader-text\"> de &laquo;&nbsp;Ateliers et activit\u00e9s&nbsp;&raquo;<\/span><\/a><\/p>\n","protected":false},"author":1,"featured_media":0,"parent":0,"menu_order":0,"comment_status":"closed","ping_status":"closed","template":"","meta":{"footnotes":""},"class_list":["post-1671","page","type-page","status-publish","hentry"],"_links":{"self":[{"href":"https:\/\/vlap.fr\/labrassviedejupilles\/wp-json\/wp\/v2\/pages\/1671","targetHints":{"allow":["GET"]}}],"collection":[{"href":"https:\/\/vlap.fr\/labrassviedejupilles\/wp-json\/wp\/v2\/pages"}],"about":[{"href":"https:\/\/vlap.fr\/labrassviedejupilles\/wp-json\/wp\/v2\/types\/page"}],"author":[{"embeddable":true,"href":"https:\/\/vlap.fr\/labrassviedejupilles\/wp-json\/wp\/v2\/users\/1"}],"replies":[{"embeddable":true,"href":"https:\/\/vlap.fr\/labrassviedejupilles\/wp-json\/wp\/v2\/comments?post=1671"}],"version-history":[{"count":17,"href":"https:\/\/vlap.fr\/labrassviedejupilles\/wp-json\/wp\/v2\/pages\/1671\/revisions"}],"predecessor-version":[{"id":2755,"href":"https:\/\/vlap.fr\/labrassviedejupilles\/wp-json\/wp\/v2\/pages\/1671\/revisions\/2755"}],"wp:attachment":[{"href":"https:\/\/vlap.fr\/labrassviedejupilles\/wp-json\/wp\/v2\/media?parent=1671"}],"curies":[{"name":"wp","href":"https:\/\/api.w.org\/{rel}","templated":true}]}}