{"id":1656,"date":"2023-02-05T18:24:30","date_gmt":"2023-02-05T18:24:30","guid":{"rendered":"https:\/\/vlap.fr\/labrassviedejupilles\/?page_id=1656"},"modified":"2025-07-17T10:19:26","modified_gmt":"2025-07-17T10:19:26","slug":"expositions","status":"publish","type":"page","link":"https:\/\/vlap.fr\/labrassviedejupilles\/expositions\/","title":{"rendered":"Expositions"},"content":{"rendered":"\n<h2 class=\"wp-block-heading\">Saison 2025<\/h2>\n\n\n\n<hr class=\"wp-block-separator aligncenter has-alpha-channel-opacity is-style-wide\"\/>\n\n\n\n<p>Du 18 mai au 22 juin : <strong>Pastels<\/strong><\/p>\n\n\n\n<p>Pastels inspir\u00e9s par la for\u00eat de Wayne Hardy<\/p>\n\n\n<div class=\"wp-block-image\">\n<figure class=\"aligncenter size-large\"><img loading=\"lazy\" decoding=\"async\" width=\"351\" height=\"1024\" src=\"https:\/\/vlap.fr\/labrassviedejupilles\/wp-content\/uploads\/2025\/07\/Wayne-Hardy-351x1024.jpg\" alt=\"\" class=\"wp-image-2732\" srcset=\"https:\/\/vlap.fr\/labrassviedejupilles\/wp-content\/uploads\/2025\/07\/Wayne-Hardy-351x1024.jpg 351w, https:\/\/vlap.fr\/labrassviedejupilles\/wp-content\/uploads\/2025\/07\/Wayne-Hardy-103x300.jpg 103w, https:\/\/vlap.fr\/labrassviedejupilles\/wp-content\/uploads\/2025\/07\/Wayne-Hardy.jpg 370w\" sizes=\"auto, (max-width: 351px) 100vw, 351px\" \/><\/figure>\n<\/div>\n\n\n<hr class=\"wp-block-separator aligncenter has-alpha-channel-opacity is-style-wide\"\/>\n\n\n\n<p>Du 6 avril au 11 mai : <strong>Paysages sarthois<\/strong><\/p>\n\n\n\n<p>Tableaux de Michel Avril<\/p>\n\n\n<div class=\"wp-block-image\">\n<figure class=\"alignleft size-large\"><img loading=\"lazy\" decoding=\"async\" width=\"724\" height=\"1024\" src=\"https:\/\/vlap.fr\/labrassviedejupilles\/wp-content\/uploads\/2025\/07\/Michel-Avril-724x1024.jpg\" alt=\"\" class=\"wp-image-2730\" srcset=\"https:\/\/vlap.fr\/labrassviedejupilles\/wp-content\/uploads\/2025\/07\/Michel-Avril-724x1024.jpg 724w, https:\/\/vlap.fr\/labrassviedejupilles\/wp-content\/uploads\/2025\/07\/Michel-Avril-212x300.jpg 212w, https:\/\/vlap.fr\/labrassviedejupilles\/wp-content\/uploads\/2025\/07\/Michel-Avril-768x1086.jpg 768w, https:\/\/vlap.fr\/labrassviedejupilles\/wp-content\/uploads\/2025\/07\/Michel-Avril-1086x1536.jpg 1086w, https:\/\/vlap.fr\/labrassviedejupilles\/wp-content\/uploads\/2025\/07\/Michel-Avril.jpg 1448w\" sizes=\"auto, (max-width: 724px) 100vw, 724px\" \/><\/figure>\n<\/div>\n\n\n<p><\/p>\n\n\n\n<hr class=\"wp-block-separator aligncenter has-alpha-channel-opacity is-style-wide\"\/>\n\n\n\n<p>Du 2 au 30 mars : <strong>Quand la nature rencontre l&rsquo;abstrait<\/strong><\/p>\n\n\n\n<p>Lampes et tableaux de Claire Defosse<\/p>\n\n\n<div class=\"wp-block-image\">\n<figure class=\"alignleft size-full\"><img loading=\"lazy\" decoding=\"async\" width=\"627\" height=\"945\" src=\"https:\/\/vlap.fr\/labrassviedejupilles\/wp-content\/uploads\/2025\/07\/Claire-Defosse.jpg\" alt=\"\" class=\"wp-image-2702\" srcset=\"https:\/\/vlap.fr\/labrassviedejupilles\/wp-content\/uploads\/2025\/07\/Claire-Defosse.jpg 627w, https:\/\/vlap.fr\/labrassviedejupilles\/wp-content\/uploads\/2025\/07\/Claire-Defosse-199x300.jpg 199w\" sizes=\"auto, (max-width: 627px) 100vw, 627px\" \/><\/figure>\n<\/div>\n\n\n<p><\/p>\n\n\n\n<hr class=\"wp-block-separator aligncenter has-alpha-channel-opacity is-style-wide\"\/>\n\n\n\n<p>Du 26 janvier au 22 f\u00e9vrier : <strong>Bestioles<\/strong><\/p>\n\n\n\n<p>Photographies de Reginald<\/p>\n\n\n\n<figure class=\"wp-block-image size-large\"><img loading=\"lazy\" decoding=\"async\" width=\"725\" height=\"1024\" src=\"https:\/\/vlap.fr\/labrassviedejupilles\/wp-content\/uploads\/2025\/07\/Affiche-bestioles-725x1024.jpg\" alt=\"\" class=\"wp-image-2783\" srcset=\"https:\/\/vlap.fr\/labrassviedejupilles\/wp-content\/uploads\/2025\/07\/Affiche-bestioles-725x1024.jpg 725w, https:\/\/vlap.fr\/labrassviedejupilles\/wp-content\/uploads\/2025\/07\/Affiche-bestioles-212x300.jpg 212w, https:\/\/vlap.fr\/labrassviedejupilles\/wp-content\/uploads\/2025\/07\/Affiche-bestioles-768x1085.jpg 768w, https:\/\/vlap.fr\/labrassviedejupilles\/wp-content\/uploads\/2025\/07\/Affiche-bestioles-1088x1536.jpg 1088w, https:\/\/vlap.fr\/labrassviedejupilles\/wp-content\/uploads\/2025\/07\/Affiche-bestioles.jpg 1242w\" sizes=\"auto, (max-width: 725px) 100vw, 725px\" \/><\/figure>\n\n\n\n<h2 class=\"wp-block-heading\">Saison 2024<\/h2>\n\n\n\n<hr class=\"wp-block-separator aligncenter has-alpha-channel-opacity is-style-wide\"\/>\n\n\n\n<p>Du 8 d\u00e9cembre 2024 au 10 janvier 2025 : <strong>Un point c&rsquo;est tout&nbsp;?<\/strong><\/p>\n\n\n\n<p>Encre de Chine, aquarelles&#8230; par Bruisseauvage<\/p>\n\n\n\n<figure class=\"wp-block-image size-large\"><img loading=\"lazy\" decoding=\"async\" width=\"724\" height=\"1024\" src=\"https:\/\/vlap.fr\/labrassviedejupilles\/wp-content\/uploads\/2024\/12\/unPointCestTout-1-724x1024.jpg\" alt=\"\" class=\"wp-image-2133\" srcset=\"https:\/\/vlap.fr\/labrassviedejupilles\/wp-content\/uploads\/2024\/12\/unPointCestTout-1-724x1024.jpg 724w, https:\/\/vlap.fr\/labrassviedejupilles\/wp-content\/uploads\/2024\/12\/unPointCestTout-1-212x300.jpg 212w, https:\/\/vlap.fr\/labrassviedejupilles\/wp-content\/uploads\/2024\/12\/unPointCestTout-1-768x1086.jpg 768w, https:\/\/vlap.fr\/labrassviedejupilles\/wp-content\/uploads\/2024\/12\/unPointCestTout-1.jpg 794w\" sizes=\"auto, (max-width: 724px) 100vw, 724px\" \/><\/figure>\n\n\n\n<hr class=\"wp-block-separator aligncenter has-alpha-channel-opacity is-style-wide\"\/>\n\n\n\n<p>Du 12 mai au 9 juin : <strong>Ramures<\/strong><\/p>\n\n\n\n<p>Photographies de Jean-Yves Bloise<\/p>\n\n\n\n<p style=\"font-size:15px\">Formes \u00e9nigmatiques glan\u00e9es lors de randonn\u00e9es dans les bois.<\/p>\n\n\n\n<hr class=\"wp-block-separator aligncenter has-alpha-channel-opacity is-style-wide\"\/>\n\n\n\n<p>Du 10 mars au 4 avril : <strong>Voyage immobile<\/strong><\/p>\n\n\n\n<p>Photographies d&rsquo;Amrie<\/p>\n\n\n\n<p style=\"font-size:15px\"><em>\u00ab\u00a0Cette s\u00e9rie photographique a vu le jour au mois de mai dernier (2023) dans le jardin du caf\u00e9 de la Brass&rsquo;vie \u00e0 Jupilles.<\/em><\/p>\n\n\n\n<p style=\"font-size:15px\"><em>Mon regard est attir\u00e9 par l&rsquo;\u00e9clat du soleil, le mouvement l\u00e9ger du vent qui s&rsquo;engouffre doucement dans la b\u00e2che, translucide, poussi\u00e9reuse servant de fen\u00eatre \u00e0 une vieille cabane en bois.<\/em><\/p>\n\n\n\n<p style=\"font-size:15px\"><em>Quelques prises de vue sur place, \u00e0 cet instant, sans filtre, sans retouche, quelque recadrages et des tirages sur papier aquarelle naissent de ce moment.<\/em><\/p>\n\n\n\n<p style=\"font-size:15px\"><em>Juste un point de vue, un regard port\u00e9 sur l\u2019insignifiant, le banal, l&rsquo;ordinaire, le sale qui transforme le r\u00e9el en estampes, en paysages d\u2019ailleurs, en invitation au voyage lointain\u2026\u00a0\u00bb<\/em><\/p>\n\n\n\n<hr class=\"wp-block-separator aligncenter has-alpha-channel-opacity is-style-wide\"\/>\n\n\n\n<p>Du 14 janvier au 11 f\u00e9vrier : <strong>Oiseaux d&rsquo;ici et d&rsquo;ailleurs<\/strong><\/p>\n\n\n\n<p>Photographies de R\u00e9ginald<\/p>\n\n\n<div class=\"wp-block-image\">\n<figure class=\"alignleft size-large\"><img loading=\"lazy\" decoding=\"async\" width=\"724\" height=\"1024\" src=\"https:\/\/vlap.fr\/labrassviedejupilles\/wp-content\/uploads\/2024\/01\/Affiche-r1003-724x1024.jpg\" alt=\"\" class=\"wp-image-1968\" srcset=\"https:\/\/vlap.fr\/labrassviedejupilles\/wp-content\/uploads\/2024\/01\/Affiche-r1003-724x1024.jpg 724w, https:\/\/vlap.fr\/labrassviedejupilles\/wp-content\/uploads\/2024\/01\/Affiche-r1003-212x300.jpg 212w, https:\/\/vlap.fr\/labrassviedejupilles\/wp-content\/uploads\/2024\/01\/Affiche-r1003-768x1086.jpg 768w, https:\/\/vlap.fr\/labrassviedejupilles\/wp-content\/uploads\/2024\/01\/Affiche-r1003.jpg 1000w\" sizes=\"auto, (max-width: 724px) 100vw, 724px\" \/><\/figure>\n<\/div>\n\n\n<h2 class=\"wp-block-heading\">Saison 2023<\/h2>\n\n\n\n<hr class=\"wp-block-separator aligncenter has-alpha-channel-opacity is-style-wide\"\/>\n\n\n\n<p>Du 5 novembre au 16 d\u00e9cembre : <strong>Charivari<\/strong><\/p>\n\n\n\n<p>Tableaux de Dzenan Sehic<\/p>\n\n\n\n<figure class=\"wp-block-image size-large\"><img loading=\"lazy\" decoding=\"async\" width=\"768\" height=\"1024\" src=\"https:\/\/vlap.fr\/labrassviedejupilles\/wp-content\/uploads\/2025\/07\/affiche-Dz-petit-768x1024.jpg\" alt=\"\" class=\"wp-image-2786\" srcset=\"https:\/\/vlap.fr\/labrassviedejupilles\/wp-content\/uploads\/2025\/07\/affiche-Dz-petit-768x1024.jpg 768w, https:\/\/vlap.fr\/labrassviedejupilles\/wp-content\/uploads\/2025\/07\/affiche-Dz-petit-225x300.jpg 225w, https:\/\/vlap.fr\/labrassviedejupilles\/wp-content\/uploads\/2025\/07\/affiche-Dz-petit-1152x1536.jpg 1152w, https:\/\/vlap.fr\/labrassviedejupilles\/wp-content\/uploads\/2025\/07\/affiche-Dz-petit-1536x2048.jpg 1536w, https:\/\/vlap.fr\/labrassviedejupilles\/wp-content\/uploads\/2025\/07\/affiche-Dz-petit-scaled.jpg 1920w\" sizes=\"auto, (max-width: 767px) 89vw, (max-width: 1000px) 54vw, (max-width: 1071px) 543px, 580px\" \/><\/figure>\n\n\n\n<hr class=\"wp-block-separator aligncenter has-alpha-channel-opacity is-style-wide\"\/>\n\n\n\n<p>Du 8 au 29 octobre : <strong>Branches berc\u00e9es par le vent<\/strong><\/p>\n\n\n\n<p>Peintures de Alex Pasqualini<\/p>\n\n\n\n<figure class=\"wp-block-image size-large\"><img loading=\"lazy\" decoding=\"async\" width=\"724\" height=\"1024\" src=\"https:\/\/vlap.fr\/labrassviedejupilles\/wp-content\/uploads\/2025\/07\/Alex-724x1024.jpg\" alt=\"\" class=\"wp-image-2779\" srcset=\"https:\/\/vlap.fr\/labrassviedejupilles\/wp-content\/uploads\/2025\/07\/Alex-724x1024.jpg 724w, https:\/\/vlap.fr\/labrassviedejupilles\/wp-content\/uploads\/2025\/07\/Alex-212x300.jpg 212w, https:\/\/vlap.fr\/labrassviedejupilles\/wp-content\/uploads\/2025\/07\/Alex-768x1086.jpg 768w, https:\/\/vlap.fr\/labrassviedejupilles\/wp-content\/uploads\/2025\/07\/Alex-1086x1536.jpg 1086w, https:\/\/vlap.fr\/labrassviedejupilles\/wp-content\/uploads\/2025\/07\/Alex-1448x2048.jpg 1448w, https:\/\/vlap.fr\/labrassviedejupilles\/wp-content\/uploads\/2025\/07\/Alex.jpg 1645w\" sizes=\"auto, (max-width: 724px) 100vw, 724px\" \/><\/figure>\n\n\n\n<hr class=\"wp-block-separator aligncenter has-alpha-channel-opacity is-style-wide\"\/>\n\n\n\n<p>Du 8 avril au 13 mai : <strong>Collages<\/strong><\/p>\n\n\n\n<p>Par Ada Bonora<\/p>\n\n\n<div class=\"wp-block-image\">\n<figure class=\"alignleft size-large\"><img loading=\"lazy\" decoding=\"async\" width=\"723\" height=\"1024\" src=\"https:\/\/vlap.fr\/labrassviedejupilles\/wp-content\/uploads\/2024\/12\/collagesAda-723x1024.jpg\" alt=\"\" class=\"wp-image-2131\" srcset=\"https:\/\/vlap.fr\/labrassviedejupilles\/wp-content\/uploads\/2024\/12\/collagesAda-723x1024.jpg 723w, https:\/\/vlap.fr\/labrassviedejupilles\/wp-content\/uploads\/2024\/12\/collagesAda-212x300.jpg 212w, https:\/\/vlap.fr\/labrassviedejupilles\/wp-content\/uploads\/2024\/12\/collagesAda-768x1088.jpg 768w, https:\/\/vlap.fr\/labrassviedejupilles\/wp-content\/uploads\/2024\/12\/collagesAda.jpg 793w\" sizes=\"auto, (max-width: 723px) 100vw, 723px\" \/><\/figure>\n<\/div>\n\n\n<hr class=\"wp-block-separator aligncenter has-alpha-channel-opacity is-style-wide\"\/>\n\n\n\n<p>Du 19 f\u00e9vrier au 19 mars : <strong>Herbarium<\/strong><\/p>\n\n\n\n<p>Planches botaniques sur parchemin par Anne-Marie Nicolini<\/p>\n\n\n<div class=\"wp-block-image\">\n<figure class=\"aligncenter size-full\"><img loading=\"lazy\" decoding=\"async\" width=\"446\" height=\"794\" src=\"https:\/\/vlap.fr\/labrassviedejupilles\/wp-content\/uploads\/2023\/02\/herbarium.png\" alt=\"\" class=\"wp-image-1657\" srcset=\"https:\/\/vlap.fr\/labrassviedejupilles\/wp-content\/uploads\/2023\/02\/herbarium.png 446w, https:\/\/vlap.fr\/labrassviedejupilles\/wp-content\/uploads\/2023\/02\/herbarium-169x300.png 169w\" sizes=\"auto, (max-width: 446px) 100vw, 446px\" \/><\/figure>\n<\/div>\n\n\n<hr class=\"wp-block-separator aligncenter has-alpha-channel-opacity is-style-wide\"\/>\n\n\n\n<div data-wp-interactive=\"core\/file\" class=\"wp-block-file\"><object data-wp-bind--hidden=\"!state.hasPdfPreview\" hidden class=\"wp-block-file__embed\" data=\"https:\/\/vlap.fr\/labrassviedejupilles\/wp-content\/uploads\/2025\/07\/Cercle-expo-2.pdf\" type=\"application\/pdf\" style=\"width:100%;height:600px\" aria-label=\"Contenu embarqu\u00e9 Cercle-expo-2.\"><\/object><a id=\"wp-block-file--media-5361f051-b968-4da3-8bce-d4f5f0000e25\" href=\"https:\/\/vlap.fr\/labrassviedejupilles\/wp-content\/uploads\/2025\/07\/Cercle-expo-2.pdf\">Cercle-expo-2<\/a><a href=\"https:\/\/vlap.fr\/labrassviedejupilles\/wp-content\/uploads\/2025\/07\/Cercle-expo-2.pdf\" class=\"wp-block-file__button wp-element-button\" download aria-describedby=\"wp-block-file--media-5361f051-b968-4da3-8bce-d4f5f0000e25\">T\u00e9l\u00e9charger<\/a><\/div>\n","protected":false},"excerpt":{"rendered":"<p>Saison 2025 Du 18 mai au 22 juin : Pastels Pastels inspir\u00e9s par la for\u00eat de Wayne Hardy Du 6 avril au 11 mai : Paysages sarthois Tableaux de Michel Avril Du 2 au 30 mars : Quand la nature rencontre l&rsquo;abstrait Lampes et tableaux de Claire Defosse Du 26 janvier au 22 f\u00e9vrier : &hellip; <\/p>\n<p class=\"link-more\"><a href=\"https:\/\/vlap.fr\/labrassviedejupilles\/expositions\/\" class=\"more-link\">Continuer la lecture<span class=\"screen-reader-text\"> de &laquo;&nbsp;Expositions&nbsp;&raquo;<\/span><\/a><\/p>\n","protected":false},"author":1,"featured_media":0,"parent":0,"menu_order":0,"comment_status":"closed","ping_status":"closed","template":"","meta":{"footnotes":""},"class_list":["post-1656","page","type-page","status-publish","hentry"],"_links":{"self":[{"href":"https:\/\/vlap.fr\/labrassviedejupilles\/wp-json\/wp\/v2\/pages\/1656","targetHints":{"allow":["GET"]}}],"collection":[{"href":"https:\/\/vlap.fr\/labrassviedejupilles\/wp-json\/wp\/v2\/pages"}],"about":[{"href":"https:\/\/vlap.fr\/labrassviedejupilles\/wp-json\/wp\/v2\/types\/page"}],"author":[{"embeddable":true,"href":"https:\/\/vlap.fr\/labrassviedejupilles\/wp-json\/wp\/v2\/users\/1"}],"replies":[{"embeddable":true,"href":"https:\/\/vlap.fr\/labrassviedejupilles\/wp-json\/wp\/v2\/comments?post=1656"}],"version-history":[{"count":35,"href":"https:\/\/vlap.fr\/labrassviedejupilles\/wp-json\/wp\/v2\/pages\/1656\/revisions"}],"predecessor-version":[{"id":2787,"href":"https:\/\/vlap.fr\/labrassviedejupilles\/wp-json\/wp\/v2\/pages\/1656\/revisions\/2787"}],"wp:attachment":[{"href":"https:\/\/vlap.fr\/labrassviedejupilles\/wp-json\/wp\/v2\/media?parent=1656"}],"curies":[{"name":"wp","href":"https:\/\/api.w.org\/{rel}","templated":true}]}}