{"id":107,"date":"2018-11-19T18:38:29","date_gmt":"2018-11-19T18:38:29","guid":{"rendered":"https:\/\/vlap.fr\/labrassviedejupilles\/?page_id=107"},"modified":"2025-07-07T13:10:19","modified_gmt":"2025-07-07T13:10:19","slug":"espace-collaboratif","status":"publish","type":"page","link":"https:\/\/vlap.fr\/labrassviedejupilles\/espace-collaboratif\/","title":{"rendered":"Espace collaboratif"},"content":{"rendered":"<ul>\n<li><a href=\"https:\/\/vlap.fr\/labrassviedejupilles\/agendaCollectif\/public\/\">Agenda collectif de l&rsquo;association en pleine page ici <\/a>. Tout membre peut inscrire une nouvelle activit\u00e9 en suivant les <a href=\"https:\/\/vlap.fr\/labrassviedejupilles\/ateliers-et-activites\/\">r\u00e8gles et usages<\/a>.<span style=\"text-decoration: underline;\"><br \/><\/span><\/li>\n<li style=\"text-align: left;\"><a href=\"https:\/\/vlap.fr\/nextcloud\/\">Partage de documents<\/a> : notes des causeries philo, documents cuisines &#8230; (il faut t\u00e9l\u00e9charger certains documents pour les lire. Pour se connecter : membre brassvie)<\/li>\n<li><a href=\"http:\/\/vlap.fr\/labrassviedejupilles\/comptes-rendus-de-la-direction-collegiale\/\">Membres et comptes rendus<\/a> de la direction coll\u00e9giale.<\/li>\n<li><a href=\"https:\/\/vlap.fr\/labrassviedejupilles\/finances\/\">Finances et statuts<\/a> de l&rsquo;association<\/li>\n<li style=\"text-align: left;\"><a href=\"https:\/\/vlap.fr\/photosbrassvie\/\">Galerie photos<\/a><\/li>\n<li><a href=\"https:\/\/vlap.fr\/pad\/p\/covoiturage\">Covoiturage<\/a><\/li>\n<li><a href=\"https:\/\/vlap.fr\/pad\/p\/troc\">Objets \u00e0 donner, \u00e0 pr\u00eater ou recherch\u00e9s.<\/a><\/li>\n<li><a href=\"https:\/\/vlap.fr\/pad\/p\/chantiers\">Activit\u00e9s \/ Chantiers participatifs<\/a><\/li>\n<li><a href=\"https:\/\/vlap.fr\/pad\/p\/contactsdesartises\">Contacts des artistes<\/a><\/li>\n<li><a href=\"https:\/\/vlap.fr\/pad\/p\/benevolat\">Cette page<\/a> permet de comptabiliser les heures b\u00e9n\u00e9voles (activit\u00e9s, bricolage&#8230;).<\/li>\n<\/ul>\n\n\n<p class=\"has-text-align-center\">L&rsquo;agenda collectif est maintenant disponible <a href=\"https:\/\/vlap.fr\/labrassviedejupilles\/agenda-collectif\/\" data-type=\"URL\" data-id=\"https:\/\/vlap.fr\/labrassviedejupilles\/agenda-collectif\/\">ici<\/a><\/p>\n\n\n\n<hr class=\"wp-block-separator has-alpha-channel-opacity\"\/>\n\n\n\n<p>PRIX DES REPAS<\/p>\n\n\n\n<p>Lors de l&rsquo;assembl\u00e9e g\u00e9n\u00e9rale du 6 juillet 2026, il a \u00e9t\u00e9 d\u00e9cid\u00e9 de d\u00e9finir trois prix cibles pour les repas, <em>snack<\/em> 6 \u20ac, <em>bistro<\/em> 9 \u20ac et <em>gastro<\/em> 12 \u20ac selon l&rsquo;envie des b\u00e9n\u00e9voles papilles et le contexte : soir\u00e9e concert, repas du dimanche&#8230;<\/p>\n\n\n\n<p>Le tableau ci-dessous permet d&rsquo;estimer le co\u00fbt total d&rsquo;achat des denr\u00e9es \u00e0 viser selon le prix choisi et le nombre de repas vendus. Les petites variations autour de ce plafond de co\u00fbt sont in\u00e9vitables et s&rsquo;annuleront globalement entre elles.<\/p>\n\n\n\n<p><\/p>\n\n\n\n<div class=\"wp-block-group\"><div class=\"wp-block-group__inner-container is-layout-flow wp-block-group-is-layout-flow\">\n<style>@media (max-width:480px){#cp_calculatedfieldsf_pform_1{min-height:1177px;}}@media (max-width:768px){#cp_calculatedfieldsf_pform_1{min-height:998px;}}@media (max-width:1024px){#cp_calculatedfieldsf_pform_1{min-height:1181px;}}@media (min-width:1024px){#cp_calculatedfieldsf_pform_1{min-height:875px;}}<\/style><form name=\"cp_calculatedfieldsf_pform_1\" id=\"cp_calculatedfieldsf_pform_1\" action=\"https:\/\/vlap.fr\/labrassviedejupilles\/espace-collaboratif\/\" method=\"post\" enctype=\"multipart\/form-data\" onsubmit=\"return fbuilderjQuery.fbuilder.doValidate(this);\" class=\"cff-form no-prefetch  cff-form-8\"  dir=\"ltr\" data-nonce=\"8140962ada\">\n<input type=\"hidden\" name=\"cp_calculatedfieldsf_pform_psequence\" value=\"_1\" \/>\n<input type=\"hidden\" name=\"cp_calculatedfieldsf_id\" value=\"8\" \/>\n<input type=\"hidden\" name=\"cp_ref_page\" value=\"https:\/\/vlap.fr\/labrassviedejupilles\" \/>\n<pre style=\"display:none !important;\"><script data-category=\"functional\" type=\"text\/javascript\">cpcff_eval_blocked = true;form_structure_1=[[{\"form_identifier\":\"\",\"name\":\"fieldname2\",\"fieldlayout\":\"default\",\"shortlabel\":\"couts\",\"index\":0,\"ftype\":\"fnumber\",\"userhelp\":\"\",\"audiotutorial\":\"\",\"userhelpTooltip\":false,\"tooltipIcon\":false,\"csslayout\":\"\",\"hidefield\":false,\"advanced\":{\"css\":{\"container\":{\"label\":\"Field container div tag\",\"rules\":{}},\"label\":{\"label\":\"Field label\",\"rules\":{}},\"input\":{\"label\":\"Input tag\",\"rules\":{}},\"help\":{\"label\":\"Instructions for users\",\"rules\":{}},\"spinner_left\":{\"label\":\"Left spinner\",\"rules\":{}},\"spinner_right\":{\"label\":\"Right spinner\",\"rules\":{}}}},\"title\":\"Prix cible (6\\u20ac, 9\\u20ac ou 12\\u20ac)\",\"predefined\":\"9\",\"predefinedClick\":false,\"required\":true,\"exclude\":false,\"readonly\":false,\"numberpad\":false,\"spinner\":false,\"size\":\"small\",\"prefix\":\"\",\"postfix\":\"\",\"thousandSeparator\":\"\",\"decimalSymbol\":\",\",\"min\":\"5\",\"max\":\"15\",\"step\":\"3\",\"formatDynamically\":false,\"twoDecimals\":false,\"dformat\":\"number\",\"formats\":[\"digits\",\"number\",\"percent\"],\"fBuild\":{},\"parent\":\"\"},{\"form_identifier\":\"\",\"name\":\"fieldname3\",\"fieldlayout\":\"default\",\"shortlabel\":\"vendus\",\"index\":1,\"ftype\":\"fnumber\",\"userhelp\":\"\",\"audiotutorial\":\"\",\"userhelpTooltip\":false,\"tooltipIcon\":false,\"csslayout\":\"\",\"hidefield\":false,\"advanced\":{\"css\":{\"container\":{\"label\":\"Field container div tag\",\"rules\":{}},\"label\":{\"label\":\"Field label\",\"rules\":{}},\"input\":{\"label\":\"Input tag\",\"rules\":{}},\"help\":{\"label\":\"Instructions for users\",\"rules\":{}},\"spinner_left\":{\"label\":\"Left spinner\",\"rules\":{}},\"spinner_right\":{\"label\":\"Right spinner\",\"rules\":{}}}},\"title\":\"Nombre de repas r\\u00e9alis\\u00e9s\",\"predefined\":\"20\",\"predefinedClick\":false,\"required\":true,\"exclude\":false,\"readonly\":false,\"numberpad\":false,\"spinner\":false,\"size\":\"small\",\"prefix\":\"\",\"postfix\":\"\",\"thousandSeparator\":\"\",\"decimalSymbol\":\".\",\"min\":\"10\",\"max\":\"\",\"step\":\"\",\"formatDynamically\":false,\"twoDecimals\":false,\"dformat\":\"digits\",\"formats\":[\"digits\",\"number\",\"percent\"],\"fBuild\":{},\"parent\":\"\"},{\"form_identifier\":\"\",\"name\":\"fieldname4\",\"fieldlayout\":\"default\",\"shortlabel\":\"benevoles\",\"index\":2,\"ftype\":\"fnumber\",\"userhelp\":\"\",\"audiotutorial\":\"\",\"userhelpTooltip\":false,\"tooltipIcon\":false,\"csslayout\":\"\",\"hidefield\":false,\"advanced\":{\"css\":{\"container\":{\"label\":\"Field container div tag\",\"rules\":{}},\"label\":{\"label\":\"Field label\",\"rules\":{}},\"input\":{\"label\":\"Input tag\",\"rules\":{}},\"help\":{\"label\":\"Instructions for users\",\"rules\":{}},\"spinner_left\":{\"label\":\"Left spinner\",\"rules\":{}},\"spinner_right\":{\"label\":\"Right spinner\",\"rules\":{}}}},\"title\":\"Nombres de b\\u00e9n\\u00e9voles papilles et bar\",\"predefined\":\"4\",\"predefinedClick\":false,\"required\":true,\"exclude\":false,\"readonly\":false,\"numberpad\":false,\"spinner\":false,\"size\":\"small\",\"prefix\":\"\",\"postfix\":\"\",\"thousandSeparator\":\"\",\"decimalSymbol\":\".\",\"min\":\"0\",\"max\":\"10\",\"step\":\"\",\"formatDynamically\":false,\"twoDecimals\":false,\"dformat\":\"digits\",\"formats\":[\"digits\",\"number\",\"percent\"],\"fBuild\":{},\"parent\":\"\"},{\"dependencies\":[{\"rule\":\"\",\"complex\":false,\"fields\":[\"\"]}],\"form_identifier\":\"\",\"name\":\"fieldname1\",\"fieldlayout\":\"default\",\"shortlabel\":\"\",\"index\":3,\"ftype\":\"fCalculated\",\"userhelp\":\"\",\"audiotutorial\":\"\",\"userhelpTooltip\":false,\"tooltipIcon\":false,\"csslayout\":\"\",\"hidefield\":false,\"advanced\":{\"css\":{\"container\":{\"label\":\"Field container div tag\",\"rules\":{}},\"label\":{\"label\":\"Field label\",\"rules\":{}},\"input\":{\"label\":\"Calculated field\",\"rules\":{}},\"help\":{\"label\":\"Instructions for users\",\"rules\":{}}}},\"title\":\"Co\\u00fbt total des denr\\u00e9es \\u00e0 viser\",\"_developerNotes\":\"\",\"predefined\":\"\",\"required\":false,\"exclude\":false,\"accept_html\":false,\"size\":\"medium\",\"eq\":\"PREC(fieldname3*(fieldname3-fieldname4)\\\/(2*fieldname3-fieldname4)*(fieldname2-0.5),2)\",\"min\":\"\",\"max\":\"\",\"suffix\":\"\",\"prefix\":\"\",\"decimalsymbol\":\"\\u20ac\",\"groupingsymbol\":\"\",\"readonly\":true,\"currency\":false,\"noEvalIfManual\":true,\"formatDynamically\":false,\"dynamicEval\":true,\"validate\":false,\"fBuild\":{},\"parent\":\"\"},{\"dependencies\":[{\"rule\":\"\",\"complex\":false,\"fields\":[\"\"]}],\"form_identifier\":\"\",\"name\":\"fieldname7\",\"fieldlayout\":\"default\",\"shortlabel\":\"\",\"index\":4,\"ftype\":\"fCalculated\",\"userhelp\":\"\",\"audiotutorial\":\"\",\"userhelpTooltip\":false,\"tooltipIcon\":false,\"csslayout\":\"\",\"hidefield\":false,\"advanced\":{\"css\":{\"container\":{\"label\":\"Field container div tag\",\"rules\":{}},\"label\":{\"label\":\"Field label\",\"rules\":{}},\"input\":{\"label\":\"Calculated field\",\"rules\":{}},\"help\":{\"label\":\"Instructions for users\",\"rules\":{}}}},\"title\":\"Pour info : b\\u00e9n\\u00e9fice net de l'asso\",\"_developerNotes\":\"\",\"predefined\":\"\",\"required\":false,\"exclude\":false,\"accept_html\":false,\"size\":\"medium\",\"eq\":\"PREC(fieldname2*(fieldname3-fieldname4)-fieldname1-0.5*fieldname3,2)\",\"min\":\"\",\"max\":\"\",\"suffix\":\"\",\"prefix\":\"\",\"decimalsymbol\":\"\\u20ac\",\"groupingsymbol\":\"\",\"readonly\":true,\"currency\":false,\"noEvalIfManual\":true,\"formatDynamically\":false,\"dynamicEval\":true,\"validate\":false,\"fBuild\":{},\"parent\":\"\"},{\"form_identifier\":\"\",\"name\":\"fieldname6\",\"fieldlayout\":\"default\",\"shortlabel\":\"\",\"index\":5,\"ftype\":\"fhtml\",\"userhelp\":\"\",\"audiotutorial\":\"\",\"userhelpTooltip\":false,\"tooltipIcon\":false,\"csslayout\":\"\",\"hidefield\":false,\"advanced\":{\"css\":{\"container\":{\"label\":\"Field container div tag\",\"rules\":{}},\"label\":{\"label\":\"Field label\",\"rules\":{}},\"input\":{\"label\":\"Input tag\",\"rules\":{}},\"help\":{\"label\":\"Instructions for users\",\"rules\":{}}}},\"_developerNotes\":\"\",\"allowscript\":0,\"replaceShortcodes\":0,\"fcontent\":\"* Si d'autres repas sont offerts (artistes, intervenant\\u00b7es...), ne pas les renseigner ci-dessus : il sont offerts par l'association. Il est donc alors possible de d\\u00e9passer le cout total \\u00e0 viser.\\u003Cbr \\\/\\u003E\\n\\u003Csmall\\u003E M\\u00e9thode de calcul : \\u003Cbr \\\/\\u003E- Les repas vendus sont compt\\u00e9s avec une marge de 50% du prix de vente.\\u003Cbr \\\/\\u003E- Les repas b\\u00e9n\\u00e9voles sont compt\\u00e9s prix co\\u00fbtant.\\u003Cbr \\\/\\u003E- 0\\u20ac50 est ajout\\u00e9 par personne pour tenir compte du fonctionnement du lieu : gaz, \\u00e9lectricit\\u00e9...\\u003Cbr \\\/\\u003E- Co\\u00fbts de denr\\u00e9es = (prix de vente - 0\\u20ac50) x Nombre de repas total \\\/2 x ( 2 x Nombre de repas vendus \\\/ (2 x Nombre de repas vendu + Nombre de repas b\\u00e9n\\u00e9voles).\\u003C\\\/small\\u003E \",\"fBuild\":{},\"parent\":\"\"}],{\"0\":{\"title\":\"Guide pour les b\\u00e9n\\u00e9voles papilles\",\"titletag\":\"H2\",\"textalign\":\"default\",\"headertextcolor\":\"\",\"description\":\"\",\"formlayout\":\"top_aligned\",\"formtemplate\":\"\",\"evalequations\":1,\"evalequations_delay\":0,\"evalequationsevent\":2,\"direction\":\"ltr\",\"loading_animation\":0,\"autocomplete\":0,\"persistence\":0,\"animate_form\":0,\"animation_effect\":\"fade\",\"customstyles\":\"\",\"advanced\":{\"css\":{\"title\":{\"label\":\"Form title\",\"rules\":{}},\"description\":{\"label\":\"Form description\",\"rules\":{}},\"form\":{\"label\":\"Form area\",\"rules\":{}},\"buttons\":{\"label\":\"Form context buttons (Next page, Previous page, Submit)\",\"rules\":{}},\"buttons_hover\":{\"label\":\"Form context buttons hover\",\"rules\":{}},\"error_bubble\":{\"label\":\"Error bubbles\",\"rules\":{}},\"error_bubble_arrow\":{\"label\":\"Error bubble arrow\",\"rules\":{\"border-bottom-color\":\"\"},\"restrict\":true},\"required_field_asterisk\":{\"label\":\"Asterisk for required fields\",\"rules\":{}}}}},\"formid\":\"cp_calculatedfieldsf_pform_1\"}];<\/script><\/pre>\n<div id=\"fbuilder\">\n\t\t<div id=\"fbuilder_1\">\n\t\t<div id=\"formheader_1\"><\/div>\n\t\t<div id=\"fieldlist_1\"><\/div>\n\t\t<div class=\"clearer\"><\/div>\n\t<\/div>\n<\/div>\n\t<div class=\"clearer\"><\/div>\n\t<input type=\"hidden\" id=\"_cpcff_public_nonce\" name=\"_cpcff_public_nonce\" value=\"50c400efdf\" \/><input type=\"hidden\" name=\"_wp_http_referer\" value=\"\/labrassviedejupilles\/wp-json\/wp\/v2\/pages\/107\" \/><input type=\"hidden\" name=\"cff_form_start_time\" value=\"hVADCESWlR4gSE2VifBhIw==\"><\/form>\n\t\n<\/div><\/div>\n\n\n\n<div class=\"wp-block-group\"><div class=\"wp-block-group__inner-container is-layout-flow wp-block-group-is-layout-flow\">\n<style>@media (max-width:480px){#cp_calculatedfieldsf_pform_2{min-height:1401px;}}@media (max-width:768px){#cp_calculatedfieldsf_pform_2{min-height:1117px;}}@media (max-width:1024px){#cp_calculatedfieldsf_pform_2{min-height:1368px;}}@media (min-width:1024px){#cp_calculatedfieldsf_pform_2{min-height:995px;}}<\/style><form name=\"cp_calculatedfieldsf_pform_2\" id=\"cp_calculatedfieldsf_pform_2\" action=\"https:\/\/vlap.fr\/labrassviedejupilles\/espace-collaboratif\/\" method=\"post\" enctype=\"multipart\/form-data\" onsubmit=\"return fbuilderjQuery.fbuilder.doValidate(this);\" class=\"cff-form no-prefetch  cff-form-6\"  dir=\"ltr\" data-nonce=\"8140962ada\">\n<input type=\"hidden\" name=\"cp_calculatedfieldsf_pform_psequence\" value=\"_2\" \/>\n<input type=\"hidden\" name=\"cp_calculatedfieldsf_id\" value=\"6\" \/>\n<input type=\"hidden\" name=\"cp_ref_page\" value=\"https:\/\/vlap.fr\/labrassviedejupilles\" \/>\n<pre style=\"display:none !important;\"><script data-category=\"functional\" type=\"text\/javascript\">cpcff_eval_blocked = true;form_structure_2=[[{\"form_identifier\":\"\",\"name\":\"fieldname2\",\"fieldlayout\":\"default\",\"shortlabel\":\"couts\",\"index\":0,\"ftype\":\"fnumber\",\"userhelp\":\"\",\"audiotutorial\":\"\",\"userhelpTooltip\":false,\"tooltipIcon\":false,\"csslayout\":\"\",\"hidefield\":false,\"advanced\":{\"css\":{\"container\":{\"label\":\"Field container div tag\",\"rules\":{}},\"label\":{\"label\":\"Field label\",\"rules\":{}},\"input\":{\"label\":\"Input tag\",\"rules\":{}},\"help\":{\"label\":\"Instructions for users\",\"rules\":{}}}},\"title\":\"Co\\u00fbts des denr\\u00e9es\",\"predefined\":\"100\",\"predefinedClick\":false,\"required\":true,\"exclude\":false,\"readonly\":false,\"numberpad\":false,\"spinner\":false,\"size\":\"small\",\"prefix\":\"\",\"postfix\":\"\",\"thousandSeparator\":\"\",\"decimalSymbol\":\",\",\"min\":\"0\",\"max\":\"\",\"step\":\"\",\"formatDynamically\":false,\"twoDecimals\":false,\"dformat\":\"number\",\"formats\":[\"digits\",\"number\",\"percent\"],\"fBuild\":{},\"parent\":\"\"},{\"form_identifier\":\"\",\"name\":\"fieldname3\",\"fieldlayout\":\"default\",\"shortlabel\":\"vendus\",\"index\":1,\"ftype\":\"fnumber\",\"userhelp\":\"\",\"audiotutorial\":\"\",\"userhelpTooltip\":false,\"tooltipIcon\":false,\"csslayout\":\"\",\"hidefield\":false,\"advanced\":{\"css\":{\"container\":{\"label\":\"Field container div tag\",\"rules\":{}},\"label\":{\"label\":\"Field label\",\"rules\":{}},\"input\":{\"label\":\"Input tag\",\"rules\":{}},\"help\":{\"label\":\"Instructions for users\",\"rules\":{}}}},\"title\":\"Nombre de repas vendus\",\"predefined\":\"20\",\"predefinedClick\":false,\"required\":true,\"exclude\":false,\"readonly\":false,\"numberpad\":false,\"spinner\":false,\"size\":\"small\",\"prefix\":\"\",\"postfix\":\"\",\"thousandSeparator\":\"\",\"decimalSymbol\":\".\",\"min\":\"10\",\"max\":\"\",\"step\":\"\",\"formatDynamically\":false,\"twoDecimals\":false,\"dformat\":\"digits\",\"formats\":[\"digits\",\"number\",\"percent\"],\"fBuild\":{},\"parent\":\"\"},{\"form_identifier\":\"\",\"name\":\"fieldname4\",\"fieldlayout\":\"default\",\"shortlabel\":\"benevoles\",\"index\":2,\"ftype\":\"fnumber\",\"userhelp\":\"\",\"audiotutorial\":\"\",\"userhelpTooltip\":false,\"tooltipIcon\":false,\"csslayout\":\"\",\"hidefield\":false,\"advanced\":{\"css\":{\"container\":{\"label\":\"Field container div tag\",\"rules\":{}},\"label\":{\"label\":\"Field label\",\"rules\":{}},\"input\":{\"label\":\"Input tag\",\"rules\":{}},\"help\":{\"label\":\"Instructions for users\",\"rules\":{}}}},\"title\":\"Nombres de repas b\\u00e9n\\u00e9voles\",\"predefined\":\"4\",\"predefinedClick\":false,\"required\":true,\"exclude\":false,\"readonly\":false,\"numberpad\":false,\"spinner\":false,\"size\":\"small\",\"prefix\":\"\",\"postfix\":\"\",\"thousandSeparator\":\"\",\"decimalSymbol\":\".\",\"min\":\"0\",\"max\":\"10\",\"step\":\"\",\"formatDynamically\":false,\"twoDecimals\":false,\"dformat\":\"digits\",\"formats\":[\"digits\",\"number\",\"percent\"],\"fBuild\":{},\"parent\":\"\"},{\"dependencies\":[{\"rule\":\"\",\"complex\":false,\"fields\":[\"\"]}],\"form_identifier\":\"\",\"name\":\"fieldname1\",\"fieldlayout\":\"default\",\"shortlabel\":\"\",\"index\":3,\"ftype\":\"fCalculated\",\"userhelp\":\"\",\"audiotutorial\":\"\",\"userhelpTooltip\":false,\"tooltipIcon\":false,\"csslayout\":\"\",\"hidefield\":false,\"advanced\":{\"css\":{\"container\":{\"label\":\"Field container div tag\",\"rules\":{}},\"label\":{\"label\":\"Field label\",\"rules\":{}},\"input\":{\"label\":\"Calculated field\",\"rules\":{}},\"help\":{\"label\":\"Instructions for users\",\"rules\":{}}}},\"title\":\"Prix de vente d'un repas \\u003Csmall\\u003E (\\u00e0 arrondir au 50 centimes le plus proche) \\u003C\\\/small\\u003E\",\"_developerNotes\":\"\",\"predefined\":\"\",\"required\":false,\"exclude\":false,\"accept_html\":false,\"size\":\"medium\",\"eq\":\"PREC(fieldname2*(2*fieldname3+fieldname4)\\\/(fieldname3+fieldname4)\\\/fieldname3+0.5,2)\",\"min\":\"\",\"max\":\"\",\"suffix\":\"\",\"prefix\":\"\",\"decimalsymbol\":\"\\u20ac\",\"groupingsymbol\":\"\",\"readonly\":true,\"currency\":false,\"noEvalIfManual\":true,\"formatDynamically\":false,\"dynamicEval\":true,\"validate\":false,\"fBuild\":{},\"parent\":\"\"},{\"dependencies\":[{\"rule\":\"\",\"complex\":false,\"fields\":[\"\"]}],\"form_identifier\":\"\",\"name\":\"fieldname7\",\"fieldlayout\":\"default\",\"shortlabel\":\"\",\"index\":4,\"ftype\":\"fCalculated\",\"userhelp\":\"\",\"audiotutorial\":\"\",\"userhelpTooltip\":false,\"tooltipIcon\":false,\"csslayout\":\"\",\"hidefield\":false,\"advanced\":{\"css\":{\"container\":{\"label\":\"Field container div tag\",\"rules\":{}},\"label\":{\"label\":\"Field label\",\"rules\":{}},\"input\":{\"label\":\"Calculated field\",\"rules\":{}},\"help\":{\"label\":\"Instructions for users\",\"rules\":{}}}},\"title\":\"Pour info : b\\u00e9n\\u00e9fice fait par l'association\",\"_developerNotes\":\"\",\"predefined\":\"\",\"required\":false,\"exclude\":false,\"accept_html\":false,\"size\":\"medium\",\"eq\":\"PREC(fieldname3*fieldname1-fieldname2-0.5*(fieldname3+fieldname4),2)\",\"min\":\"\",\"max\":\"\",\"suffix\":\"\",\"prefix\":\"\",\"decimalsymbol\":\"\\u20ac\",\"groupingsymbol\":\"\",\"readonly\":true,\"currency\":false,\"noEvalIfManual\":true,\"formatDynamically\":false,\"dynamicEval\":true,\"validate\":false,\"fBuild\":{},\"parent\":\"\"},{\"form_identifier\":\"\",\"name\":\"fieldname6\",\"fieldlayout\":\"default\",\"shortlabel\":\"\",\"index\":5,\"ftype\":\"fhtml\",\"userhelp\":\"\",\"audiotutorial\":\"\",\"userhelpTooltip\":false,\"tooltipIcon\":false,\"csslayout\":\"\",\"hidefield\":false,\"advanced\":{\"css\":{\"container\":{\"label\":\"Field container div tag\",\"rules\":{}},\"label\":{\"label\":\"Field label\",\"rules\":{}},\"input\":{\"label\":\"Input tag\",\"rules\":{}},\"help\":{\"label\":\"Instructions for users\",\"rules\":{}}}},\"_developerNotes\":\"\",\"allowscript\":0,\"fcontent\":\"\\u003Csmall\\u003E M\\u00e9thode de calcul : \\u003Cbr \\\/\\u003E\\n\\t- Les repas vendus sont compt\\u00e9s avec une marge de 50% du prix de vente.\\u003Cbr \\\/\\u003E\\n\\t- Les repas b\\u00e9n\\u00e9voles sont compt\\u00e9s prix co\\u00fbtant.\\u003Cbr \\\/\\u003E\\n\\t- 0\\u20ac50 est ajout\\u00e9 par personne pour tenir compte du fonctionnement du lieu : gaz, \\u00e9lectricit\\u00e9, huile...\\u003Cbr \\\/\\u003E\\n\\t- Prix de vente = 0\\u20ac50 + 2 x Co\\u00fbts des denr\\u00e9es \\\/ Nombre de repas total x (2 x Nombre de repas vendu + Nombre de repas b\\u00e9n\\u00e9voles) \\\/ (2 x Nombre de repas vendus) .\\u003Cbr \\\/\\u003E\\n\\t- Deux exemples pour comprendre le calcul : \\u003Cbr \\\/\\u003E\\n* Sans b\\u00e9n\\u00e9vole, 20 repas vendus avec 100\\u20ac de denr\\u00e9es. Cela fait 5\\u20ac prix coutant par repas  et cela donne donc un prix vendu de 10\\u20ac50 (en comptant les 0\\u20ac50 de fonctionnement) pour une marge de 50% : 100\\u20ac net pour l'association.\\u003Cbr \\\/\\u003E\\n* Avec 3 b\\u00e9n\\u00e9voles, il n'y a que 17 repas vendus, et comme les recettes doivent payer le prix co\\u00fbtant des b\\u00e9n\\u00e9voles, on arrive \\u00e0 11\\u20ac38 vendu. Avec une marge finale de 83\\u20ac46.\\u003Cbr \\\/\\u003E \\n\\u003C\\\/small\\u003E \",\"fBuild\":{},\"parent\":\"\"}],{\"0\":{\"title\":\"Ancien calcul du prix d'un repas\",\"titletag\":\"H2\",\"textalign\":\"default\",\"headertextcolor\":\"\",\"description\":\"\",\"formlayout\":\"top_aligned\",\"formtemplate\":\"\",\"evalequations\":1,\"evalequations_delay\":0,\"evalequationsevent\":2,\"direction\":\"ltr\",\"loading_animation\":0,\"autocomplete\":0,\"persistence\":0,\"animate_form\":0,\"animation_effect\":\"fade\",\"customstyles\":\"\",\"advanced\":{\"css\":{\"title\":{\"label\":\"Form title\",\"rules\":{}},\"description\":{\"label\":\"Form description\",\"rules\":{}},\"form\":{\"label\":\"Form area\",\"rules\":{}},\"buttons\":{\"label\":\"Form context buttons (Next page, Previous page, Submit)\",\"rules\":{}},\"buttons_hover\":{\"label\":\"Form context buttons hover\",\"rules\":{}},\"error_bubble\":{\"label\":\"Error bubbles\",\"rules\":{}},\"error_bubble_arrow\":{\"label\":\"Error bubble arrow\",\"rules\":{\"border-bottom-color\":\"\"},\"restrict\":true},\"required_field_asterisk\":{\"label\":\"Asterisk for required fields\",\"rules\":{}}}}},\"formid\":\"cp_calculatedfieldsf_pform_2\"}];<\/script><\/pre>\n<div id=\"fbuilder\">\n\t\t<div id=\"fbuilder_2\">\n\t\t<div id=\"formheader_2\"><\/div>\n\t\t<div id=\"fieldlist_2\"><\/div>\n\t\t<div class=\"clearer\"><\/div>\n\t<\/div>\n<\/div>\n\t<div class=\"clearer\"><\/div>\n\t<input type=\"hidden\" id=\"_cpcff_public_nonce\" name=\"_cpcff_public_nonce\" value=\"feb1ae3641\" \/><input type=\"hidden\" name=\"_wp_http_referer\" value=\"\/labrassviedejupilles\/wp-json\/wp\/v2\/pages\/107\" \/><input type=\"hidden\" name=\"cff_form_start_time\" value=\"hVADCESWlR4gSE2VifBhIw==\"><\/form>\n\t\n<\/div><\/div>\n\n\n\n<p><\/p>\n","protected":false},"excerpt":{"rendered":"<p>Agenda collectif de l&rsquo;association en pleine page ici . Tout membre peut inscrire une nouvelle activit\u00e9 en suivant les r\u00e8gles et usages. Partage de documents : notes des causeries philo, documents cuisines &#8230; (il faut t\u00e9l\u00e9charger certains documents pour les lire. Pour se connecter : membre brassvie) Membres et comptes rendus de la direction coll\u00e9giale. &hellip; <\/p>\n<p class=\"link-more\"><a href=\"https:\/\/vlap.fr\/labrassviedejupilles\/espace-collaboratif\/\" class=\"more-link\">Continuer la lecture<span class=\"screen-reader-text\"> de &laquo;&nbsp;Espace collaboratif&nbsp;&raquo;<\/span><\/a><\/p>\n","protected":false},"author":1,"featured_media":0,"parent":0,"menu_order":0,"comment_status":"closed","ping_status":"closed","template":"","meta":{"footnotes":""},"class_list":["post-107","page","type-page","status-publish","hentry"],"_links":{"self":[{"href":"https:\/\/vlap.fr\/labrassviedejupilles\/wp-json\/wp\/v2\/pages\/107","targetHints":{"allow":["GET"]}}],"collection":[{"href":"https:\/\/vlap.fr\/labrassviedejupilles\/wp-json\/wp\/v2\/pages"}],"about":[{"href":"https:\/\/vlap.fr\/labrassviedejupilles\/wp-json\/wp\/v2\/types\/page"}],"author":[{"embeddable":true,"href":"https:\/\/vlap.fr\/labrassviedejupilles\/wp-json\/wp\/v2\/users\/1"}],"replies":[{"embeddable":true,"href":"https:\/\/vlap.fr\/labrassviedejupilles\/wp-json\/wp\/v2\/comments?post=107"}],"version-history":[{"count":78,"href":"https:\/\/vlap.fr\/labrassviedejupilles\/wp-json\/wp\/v2\/pages\/107\/revisions"}],"predecessor-version":[{"id":2317,"href":"https:\/\/vlap.fr\/labrassviedejupilles\/wp-json\/wp\/v2\/pages\/107\/revisions\/2317"}],"wp:attachment":[{"href":"https:\/\/vlap.fr\/labrassviedejupilles\/wp-json\/wp\/v2\/media?parent=107"}],"curies":[{"name":"wp","href":"https:\/\/api.w.org\/{rel}","templated":true}]}}